{"id":11652,"date":"2021-11-29T11:47:25","date_gmt":"2021-11-29T10:47:25","guid":{"rendered":"https:\/\/nakskovfjordcamping.dk\/essplaetze\/"},"modified":"2025-02-21T14:08:05","modified_gmt":"2025-02-21T13:08:05","slug":"essplaetze","status":"publish","type":"page","link":"https:\/\/nakskovfjordcamping.dk\/de\/essplaetze\/","title":{"rendered":"Esspl\u00e4tze"},"content":{"rendered":"\t\t<div data-elementor-type=\"wp-page\" data-elementor-id=\"11652\" class=\"elementor elementor-11652 elementor-9549\" data-elementor-post-type=\"page\">\n\t\t\t\t<div class=\"elementor-element elementor-element-c3a78f4 e-con-full no-padding e-flex e-con e-parent\" data-id=\"c3a78f4\" data-element_type=\"container\">\n\t\t\t\t<div class=\"elementor-element elementor-element-16139bdc elementor-widget elementor-widget-template\" data-id=\"16139bdc\" data-element_type=\"widget\" data-widget_type=\"template.default\">\n\t\t\t\t<div class=\"elementor-widget-container\">\n\t\t\t\t\t<div class=\"elementor-template\">\n\t\t\t\t\t<div data-elementor-type=\"container\" data-elementor-id=\"6563\" class=\"elementor elementor-6563\" data-elementor-post-type=\"elementor_library\">\n\t\t\t\t<div class=\"elementor-element elementor-element-6b499f1f e-con-full no-padding e-flex e-con e-parent\" data-id=\"6b499f1f\" data-element_type=\"container\">\n\t\t\t\t<div class=\"elementor-element elementor-element-1ecbb66 elementor-widget elementor-widget-template\" data-id=\"1ecbb66\" data-element_type=\"widget\" data-widget_type=\"template.default\">\n\t\t\t\t<div class=\"elementor-widget-container\">\n\t\t\t\t\t<div class=\"elementor-template\">\n\t\t\t\t\t<div data-elementor-type=\"container\" data-elementor-id=\"6542\" class=\"elementor elementor-6542\" data-elementor-post-type=\"elementor_library\">\n\t\t\t\t<div class=\"elementor-element elementor-element-2bc4b5ab white e-flex e-con-boxed e-con e-parent\" data-id=\"2bc4b5ab\" data-element_type=\"container\" data-settings=\"{&quot;background_background&quot;:&quot;classic&quot;,&quot;shape_divider_bottom&quot;:&quot;curve-asymmetrical&quot;,&quot;shape_divider_bottom_negative&quot;:&quot;yes&quot;}\">\n\t\t\t\t\t<div class=\"e-con-inner\">\n\t\t\t\t<div class=\"elementor-shape elementor-shape-bottom\" data-negative=\"true\">\n\t\t\t<svg xmlns=\"http:\/\/www.w3.org\/2000\/svg\" viewBox=\"0 0 1000 100\" preserveAspectRatio=\"none\">\n\t<path class=\"elementor-shape-fill\" d=\"M615.2,96.7C240.2,97.8,0,18.9,0,0v100h1000V0C1000,19.2,989.8,96,615.2,96.7z\"\/>\n<\/svg>\t\t<\/div>\n\t\t\t\t<div class=\"elementor-element elementor-element-1d645c29 elementor-icon-list--layout-inline elementor-align-center elementor-list-item-link-full_width elementor-widget elementor-widget-icon-list\" data-id=\"1d645c29\" data-element_type=\"widget\" data-widget_type=\"icon-list.default\">\n\t\t\t\t<div class=\"elementor-widget-container\">\n\t\t\t\t\t<ul class=\"elementor-icon-list-items elementor-inline-items\">\n\t\t\t\t\t\t\t<li class=\"elementor-icon-list-item elementor-inline-item\">\n\t\t\t\t\t\t\t\t\t\t<span class=\"elementor-icon-list-text\"><a href=\"tel:+45 54 95 17 47\" aria-label=\"Telefon nummer\">+45 54 95 17 47<\/a><\/span>\n\t\t\t\t\t\t\t\t\t<\/li>\n\t\t\t\t\t\t\t\t<li class=\"elementor-icon-list-item elementor-inline-item\">\n\t\t\t\t\t\t\t\t\t\t<span class=\"elementor-icon-list-text\"><a href=\"mailto:info@nakskovfjordcamping.dk\" aria-label=\"Email adresse\">info@nakskovfjordcamping.dk<\/a><\/span>\n\t\t\t\t\t\t\t\t\t<\/li>\n\t\t\t\t\t\t<\/ul>\n\t\t\t\t<\/div>\n\t\t\t\t<\/div>\n\t\t\t\t\t<\/div>\n\t\t\t\t<\/div>\n\t\t\t\t<\/div>\n\t\t\t\t<\/div>\n\t\t\t\t<\/div>\n\t\t\t\t<\/div>\n\t\t\t\t<\/div>\n\t\t\t\t<\/div>\n\t\t\t\t<\/div>\n\t\t\t\t<\/div>\n\t\t\t\t<\/div>\n\t\t\t\t<\/div>\n\t\t<div class=\"elementor-element elementor-element-488dda06 e-flex e-con-boxed e-con e-parent\" data-id=\"488dda06\" data-element_type=\"container\">\n\t\t\t\t\t<div class=\"e-con-inner\">\n\t\t<div class=\"elementor-element elementor-element-16f3f21c e-con-full e-flex elementor-invisible e-con e-child\" data-id=\"16f3f21c\" data-element_type=\"container\" data-settings=\"{&quot;animation&quot;:&quot;fadeInLeft&quot;}\">\n\t\t\t\t<div class=\"elementor-element elementor-element-2211be4c elementor-widget__width-initial elementor-widget-tablet__width-inherit elementor-widget elementor-widget-text-editor\" data-id=\"2211be4c\" data-element_type=\"widget\" data-widget_type=\"text-editor.default\">\n\t\t\t\t<div class=\"elementor-widget-container\">\n\t\t\t\t\t\t\t<h2>Restaurants finden<\/h2>\n<p><a href=\"https:\/\/restaurant-fjorden.dk\/\" target=\"_blank\" rel=\"noopener\">Restaurant Fjorden<\/a><br \/>\n<a href=\"https:\/\/skovridergaarden.dk\/\" target=\"_blank\" rel=\"noopener\">Skovridergaarden<\/a><br \/>\n<a href=\"https:\/\/cafebita.dk\/\" target=\"_blank\" rel=\"noopener\">Cafe Bita<\/a><br \/>\n<a href=\"https:\/\/www.dengamledigegaard.dk\/\" target=\"_blank\" rel=\"noopener\">Der alte Digegaard<\/a><\/p>\n\t\t\t\t\t\t<\/div>\n\t\t\t\t<\/div>\n\t\t\t\t<\/div>\n\t\t<div class=\"elementor-element elementor-element-7ca7b9de e-con-full e-flex elementor-invisible e-con e-child\" data-id=\"7ca7b9de\" data-element_type=\"container\" data-settings=\"{&quot;animation&quot;:&quot;fadeInRight&quot;,&quot;background_background&quot;:&quot;classic&quot;}\">\n\t\t\t\t<\/div>\n\t\t\t\t\t<\/div>\n\t\t\t\t<\/div>\n\t\t<div class=\"elementor-element elementor-element-471c160d e-con-full e-flex e-con e-parent\" data-id=\"471c160d\" data-element_type=\"container\">\n\t\t\t\t<div class=\"elementor-element elementor-element-64b8b8ee elementor-widget elementor-widget-shortcode\" data-id=\"64b8b8ee\" data-element_type=\"widget\" data-widget_type=\"shortcode.default\">\n\t\t\t\t<div class=\"elementor-widget-container\">\n\t\t\t\t\t<div class=\"elementor-shortcode\">\t\t<div data-elementor-type=\"container\" data-elementor-id=\"11784\" class=\"elementor elementor-11784 elementor-9749\" data-elementor-post-type=\"elementor_library\">\n\t\t\t\t<div class=\"elementor-element elementor-element-34db1a0e light e-flex e-con-boxed e-con e-parent\" data-id=\"34db1a0e\" data-element_type=\"container\">\n\t\t\t\t\t<div class=\"e-con-inner\">\n\t\t<div class=\"elementor-element elementor-element-72d2e1d8 e-con-full e-flex e-con e-child\" data-id=\"72d2e1d8\" data-element_type=\"container\">\n\t\t\t\t<div class=\"elementor-element elementor-element-74083e18 elementor-widget elementor-widget-google_maps\" data-id=\"74083e18\" data-element_type=\"widget\" data-widget_type=\"google_maps.default\">\n\t\t\t\t<div class=\"elementor-widget-container\">\n\t\t\t\t\t<div class=\"elementor-custom-embed\">\n\t\t\t<iframe loading=\"lazy\"\n\t\t\t\t\tsrc=\"https:\/\/maps.google.com\/maps?q=nakskov%20fjord%20camping&#038;t=m&#038;z=10&#038;output=embed&#038;iwloc=near\"\n\t\t\t\t\ttitle=\"nakskov fjord camping\"\n\t\t\t\t\taria-label=\"nakskov fjord camping\"\n\t\t\t><\/iframe>\n\t\t<\/div>\n\t\t\t\t<\/div>\n\t\t\t\t<\/div>\n\t\t\t\t<\/div>\n\t\t<div class=\"elementor-element elementor-element-7a957146 e-con-full padding white e-flex e-con e-child\" data-id=\"7a957146\" data-element_type=\"container\" data-settings=\"{&quot;background_background&quot;:&quot;classic&quot;}\">\n\t\t<div class=\"elementor-element elementor-element-63c263ce e-con-full e-flex e-con e-child\" data-id=\"63c263ce\" data-element_type=\"container\">\n\t\t\t\t<div class=\"elementor-element elementor-element-24883790 elementor-widget elementor-widget-text-editor\" data-id=\"24883790\" data-element_type=\"widget\" data-widget_type=\"text-editor.default\">\n\t\t\t\t<div class=\"elementor-widget-container\">\n\t\t\t\t\t\t\t<h3 style=\"text-align: center;\" data-mce-style=\"text-align: center;\">Nakskov Fjord Camping liegt im Butterloch<\/h3>\n<p style=\"text-align: center;\" data-mce-style=\"text-align: center;\">T\u00e4uschen Sie sich nicht das Erlebnis der wundersch\u00f6nen Natur, des nahe gelegenen Fjords und der vielen Aktivit\u00e4ten, die Nakskov zu bieten hat.<\/p>\n\t\t\t\t\t\t<\/div>\n\t\t\t\t<\/div>\n\t\t\t\t<\/div>\n\t\t<div class=\"elementor-element elementor-element-2839d38 e-con-full e-flex e-con e-child\" data-id=\"2839d38\" data-element_type=\"container\">\n\t\t\t\t<div class=\"elementor-element elementor-element-064dc0b elementor-widget elementor-widget-button\" data-id=\"064dc0b\" data-element_type=\"widget\" data-widget_type=\"button.default\">\n\t\t\t\t<div class=\"elementor-widget-container\">\n\t\t\t\t\t\t\t<div class=\"elementor-button-wrapper\">\n\t\t\t\t\t<a class=\"elementor-button elementor-button-link elementor-size-sm\" href=\"https:\/\/v3.onlinebooking.dk\/V3HESTEHOV\" target=\"_blank\">\n\t\t\t\t\t\t<span class=\"elementor-button-content-wrapper\">\n\t\t\t\t\t\t\t\t\t<span class=\"elementor-button-text\">Hier Buchen<\/span>\n\t\t\t\t\t<\/span>\n\t\t\t\t\t<\/a>\n\t\t\t\t<\/div>\n\t\t\t\t\t\t<\/div>\n\t\t\t\t<\/div>\n\t\t\t\t<div class=\"elementor-element elementor-element-f14fafb elementor-widget elementor-widget-button\" data-id=\"f14fafb\" data-element_type=\"widget\" data-widget_type=\"button.default\">\n\t\t\t\t<div class=\"elementor-widget-container\">\n\t\t\t\t\t\t\t<div class=\"elementor-button-wrapper\">\n\t\t\t\t\t<a class=\"elementor-button elementor-button-link elementor-size-sm\" href=\"\/wp-content\/uploads\/2024\/08\/Brochure-08-2023-part-2.pdf\" target=\"_blank\">\n\t\t\t\t\t\t<span class=\"elementor-button-content-wrapper\">\n\t\t\t\t\t\t\t\t\t<span class=\"elementor-button-text\">Tischkarte<\/span>\n\t\t\t\t\t<\/span>\n\t\t\t\t\t<\/a>\n\t\t\t\t<\/div>\n\t\t\t\t\t\t<\/div>\n\t\t\t\t<\/div>\n\t\t\t\t<div class=\"elementor-element elementor-element-d7eb804 elementor-widget elementor-widget-button\" data-id=\"d7eb804\" data-element_type=\"widget\" data-widget_type=\"button.default\">\n\t\t\t\t<div class=\"elementor-widget-container\">\n\t\t\t\t\t\t\t<div class=\"elementor-button-wrapper\">\n\t\t\t\t\t<a class=\"elementor-button elementor-button-link elementor-size-sm\" href=\"https:\/\/nakskovfjordcamping.dk\/de\/kontakt-uns\/\">\n\t\t\t\t\t\t<span class=\"elementor-button-content-wrapper\">\n\t\t\t\t\t\t\t\t\t<span class=\"elementor-button-text\">Kontaktieren<\/span>\n\t\t\t\t\t<\/span>\n\t\t\t\t\t<\/a>\n\t\t\t\t<\/div>\n\t\t\t\t\t\t<\/div>\n\t\t\t\t<\/div>\n\t\t\t\t<\/div>\n\t\t\t\t<\/div>\n\t\t\t\t\t<\/div>\n\t\t\t\t<\/div>\n\t\t\t\t<\/div>\n\t\t<\/div>\n\t\t\t\t<\/div>\n\t\t\t\t<\/div>\n\t\t\t\t<\/div>\n\t\t\t\t<\/div>\n\t\t","protected":false},"excerpt":{"rendered":"<p>Restaurants finden Restaurant Fjorden Skovridergaarden Cafe Bita Der alte Digegaard<\/p>\n","protected":false},"author":1,"featured_media":10608,"parent":0,"menu_order":23,"comment_status":"closed","ping_status":"open","template":"","meta":{"_acf_changed":false,"footnotes":""},"categories":[],"class_list":["post-11652","page","type-page","status-publish","has-post-thumbnail"],"acf":[],"yoast_head":"<!-- This site is optimized with the Yoast SEO plugin v26.8 - https:\/\/yoast.com\/product\/yoast-seo-wordpress\/ -->\n<title>Esspl\u00e4tze | Nakskov Fjord Camping ApS<\/title>\n<meta name=\"robots\" content=\"index, follow, max-snippet:-1, max-image-preview:large, max-video-preview:-1\" \/>\n<link rel=\"canonical\" href=\"https:\/\/nakskovfjordcamping.dk\/spisesteder\/\" \/>\n<meta property=\"og:locale\" content=\"de_DE\" \/>\n<meta property=\"og:type\" content=\"article\" \/>\n<meta property=\"og:title\" content=\"Esspl\u00e4tze | Nakskov Fjord Camping ApS\" \/>\n<meta property=\"og:description\" content=\"Restaurants finden Restaurant Fjorden Skovridergaarden Cafe Bita Der alte Digegaard\" \/>\n<meta property=\"og:url\" content=\"https:\/\/nakskovfjordcamping.dk\/spisesteder\/\" \/>\n<meta property=\"og:site_name\" content=\"Nakskov Fjord Camping ApS\" \/>\n<meta property=\"article:modified_time\" content=\"2025-02-21T13:08:05+00:00\" \/>\n<meta property=\"og:image\" content=\"https:\/\/nakskovfjordcamping.dk\/wp-content\/uploads\/2025\/01\/fjorden-logo-web.png\" \/>\n\t<meta property=\"og:image:width\" content=\"403\" \/>\n\t<meta property=\"og:image:height\" content=\"146\" \/>\n\t<meta property=\"og:image:type\" content=\"image\/png\" \/>\n<meta name=\"twitter:card\" content=\"summary_large_image\" \/>\n<script type=\"application\/ld+json\" class=\"yoast-schema-graph\">{\"@context\":\"https:\/\/schema.org\",\"@graph\":[{\"@type\":\"WebPage\",\"@id\":\"https:\/\/nakskovfjordcamping.dk\/spisesteder\/\",\"url\":\"https:\/\/nakskovfjordcamping.dk\/spisesteder\/\",\"name\":\"Esspl\u00e4tze | Nakskov Fjord Camping ApS\",\"isPartOf\":{\"@id\":\"https:\/\/ny.wktemplate.dk\/#website\"},\"primaryImageOfPage\":{\"@id\":\"https:\/\/nakskovfjordcamping.dk\/spisesteder\/#primaryimage\"},\"image\":{\"@id\":\"https:\/\/nakskovfjordcamping.dk\/spisesteder\/#primaryimage\"},\"thumbnailUrl\":\"https:\/\/nakskovfjordcamping.dk\/wp-content\/uploads\/2025\/01\/fjorden-logo-web.png\",\"datePublished\":\"2021-11-29T10:47:25+00:00\",\"dateModified\":\"2025-02-21T13:08:05+00:00\",\"breadcrumb\":{\"@id\":\"https:\/\/nakskovfjordcamping.dk\/spisesteder\/#breadcrumb\"},\"inLanguage\":\"de\",\"potentialAction\":[{\"@type\":\"ReadAction\",\"target\":[\"https:\/\/nakskovfjordcamping.dk\/spisesteder\/\"]}]},{\"@type\":\"ImageObject\",\"inLanguage\":\"de\",\"@id\":\"https:\/\/nakskovfjordcamping.dk\/spisesteder\/#primaryimage\",\"url\":\"https:\/\/nakskovfjordcamping.dk\/wp-content\/uploads\/2025\/01\/fjorden-logo-web.png\",\"contentUrl\":\"https:\/\/nakskovfjordcamping.dk\/wp-content\/uploads\/2025\/01\/fjorden-logo-web.png\",\"width\":403,\"height\":146},{\"@type\":\"BreadcrumbList\",\"@id\":\"https:\/\/nakskovfjordcamping.dk\/spisesteder\/#breadcrumb\",\"itemListElement\":[{\"@type\":\"ListItem\",\"position\":1,\"name\":\"Forside\",\"item\":\"https:\/\/nakskovfjordcamping.dk\/\"},{\"@type\":\"ListItem\",\"position\":2,\"name\":\"Esspl\u00e4tze\"}]},{\"@type\":\"WebSite\",\"@id\":\"https:\/\/ny.wktemplate.dk\/#website\",\"url\":\"https:\/\/ny.wktemplate.dk\/\",\"name\":\"Nakskov Fjord Camping ApS\",\"description\":\"Camping p\u00e5 Lolland: Campingplads i Nakskov med dejlige campinghytter\",\"publisher\":{\"@id\":\"https:\/\/ny.wktemplate.dk\/#organization\"},\"potentialAction\":[{\"@type\":\"SearchAction\",\"target\":{\"@type\":\"EntryPoint\",\"urlTemplate\":\"https:\/\/ny.wktemplate.dk\/?s={search_term_string}\"},\"query-input\":{\"@type\":\"PropertyValueSpecification\",\"valueRequired\":true,\"valueName\":\"search_term_string\"}}],\"inLanguage\":\"de\"},{\"@type\":\"Organization\",\"@id\":\"https:\/\/ny.wktemplate.dk\/#organization\",\"name\":\"Nakskov Fjord Camping ApS\",\"url\":\"https:\/\/ny.wktemplate.dk\/\",\"logo\":{\"@type\":\"ImageObject\",\"inLanguage\":\"de\",\"@id\":\"https:\/\/ny.wktemplate.dk\/#\/schema\/logo\/image\/\",\"url\":\"https:\/\/nakskovfjordcamping.dk\/wp-content\/uploads\/2021\/09\/logo.png\",\"contentUrl\":\"https:\/\/nakskovfjordcamping.dk\/wp-content\/uploads\/2021\/09\/logo.png\",\"width\":309,\"height\":76,\"caption\":\"Nakskov Fjord Camping ApS\"},\"image\":{\"@id\":\"https:\/\/ny.wktemplate.dk\/#\/schema\/logo\/image\/\"}}]}<\/script>\n<!-- \/ Yoast SEO plugin. -->","yoast_head_json":{"title":"Esspl\u00e4tze | Nakskov Fjord Camping ApS","robots":{"index":"index","follow":"follow","max-snippet":"max-snippet:-1","max-image-preview":"max-image-preview:large","max-video-preview":"max-video-preview:-1"},"canonical":"https:\/\/nakskovfjordcamping.dk\/spisesteder\/","og_locale":"de_DE","og_type":"article","og_title":"Esspl\u00e4tze | Nakskov Fjord Camping ApS","og_description":"Restaurants finden Restaurant Fjorden Skovridergaarden Cafe Bita Der alte Digegaard","og_url":"https:\/\/nakskovfjordcamping.dk\/spisesteder\/","og_site_name":"Nakskov Fjord Camping ApS","article_modified_time":"2025-02-21T13:08:05+00:00","og_image":[{"width":403,"height":146,"url":"https:\/\/nakskovfjordcamping.dk\/wp-content\/uploads\/2025\/01\/fjorden-logo-web.png","type":"image\/png"}],"twitter_card":"summary_large_image","schema":{"@context":"https:\/\/schema.org","@graph":[{"@type":"WebPage","@id":"https:\/\/nakskovfjordcamping.dk\/spisesteder\/","url":"https:\/\/nakskovfjordcamping.dk\/spisesteder\/","name":"Esspl\u00e4tze | Nakskov Fjord Camping ApS","isPartOf":{"@id":"https:\/\/ny.wktemplate.dk\/#website"},"primaryImageOfPage":{"@id":"https:\/\/nakskovfjordcamping.dk\/spisesteder\/#primaryimage"},"image":{"@id":"https:\/\/nakskovfjordcamping.dk\/spisesteder\/#primaryimage"},"thumbnailUrl":"https:\/\/nakskovfjordcamping.dk\/wp-content\/uploads\/2025\/01\/fjorden-logo-web.png","datePublished":"2021-11-29T10:47:25+00:00","dateModified":"2025-02-21T13:08:05+00:00","breadcrumb":{"@id":"https:\/\/nakskovfjordcamping.dk\/spisesteder\/#breadcrumb"},"inLanguage":"de","potentialAction":[{"@type":"ReadAction","target":["https:\/\/nakskovfjordcamping.dk\/spisesteder\/"]}]},{"@type":"ImageObject","inLanguage":"de","@id":"https:\/\/nakskovfjordcamping.dk\/spisesteder\/#primaryimage","url":"https:\/\/nakskovfjordcamping.dk\/wp-content\/uploads\/2025\/01\/fjorden-logo-web.png","contentUrl":"https:\/\/nakskovfjordcamping.dk\/wp-content\/uploads\/2025\/01\/fjorden-logo-web.png","width":403,"height":146},{"@type":"BreadcrumbList","@id":"https:\/\/nakskovfjordcamping.dk\/spisesteder\/#breadcrumb","itemListElement":[{"@type":"ListItem","position":1,"name":"Forside","item":"https:\/\/nakskovfjordcamping.dk\/"},{"@type":"ListItem","position":2,"name":"Esspl\u00e4tze"}]},{"@type":"WebSite","@id":"https:\/\/ny.wktemplate.dk\/#website","url":"https:\/\/ny.wktemplate.dk\/","name":"Nakskov Fjord Camping ApS","description":"Camping p\u00e5 Lolland: Campingplads i Nakskov med dejlige campinghytter","publisher":{"@id":"https:\/\/ny.wktemplate.dk\/#organization"},"potentialAction":[{"@type":"SearchAction","target":{"@type":"EntryPoint","urlTemplate":"https:\/\/ny.wktemplate.dk\/?s={search_term_string}"},"query-input":{"@type":"PropertyValueSpecification","valueRequired":true,"valueName":"search_term_string"}}],"inLanguage":"de"},{"@type":"Organization","@id":"https:\/\/ny.wktemplate.dk\/#organization","name":"Nakskov Fjord Camping ApS","url":"https:\/\/ny.wktemplate.dk\/","logo":{"@type":"ImageObject","inLanguage":"de","@id":"https:\/\/ny.wktemplate.dk\/#\/schema\/logo\/image\/","url":"https:\/\/nakskovfjordcamping.dk\/wp-content\/uploads\/2021\/09\/logo.png","contentUrl":"https:\/\/nakskovfjordcamping.dk\/wp-content\/uploads\/2021\/09\/logo.png","width":309,"height":76,"caption":"Nakskov Fjord Camping ApS"},"image":{"@id":"https:\/\/ny.wktemplate.dk\/#\/schema\/logo\/image\/"}}]}},"_links":{"self":[{"href":"https:\/\/nakskovfjordcamping.dk\/de\/wp-json\/wp\/v2\/pages\/11652","targetHints":{"allow":["GET"]}}],"collection":[{"href":"https:\/\/nakskovfjordcamping.dk\/de\/wp-json\/wp\/v2\/pages"}],"about":[{"href":"https:\/\/nakskovfjordcamping.dk\/de\/wp-json\/wp\/v2\/types\/page"}],"author":[{"embeddable":true,"href":"https:\/\/nakskovfjordcamping.dk\/de\/wp-json\/wp\/v2\/users\/1"}],"replies":[{"embeddable":true,"href":"https:\/\/nakskovfjordcamping.dk\/de\/wp-json\/wp\/v2\/comments?post=11652"}],"version-history":[{"count":1,"href":"https:\/\/nakskovfjordcamping.dk\/de\/wp-json\/wp\/v2\/pages\/11652\/revisions"}],"predecessor-version":[{"id":11653,"href":"https:\/\/nakskovfjordcamping.dk\/de\/wp-json\/wp\/v2\/pages\/11652\/revisions\/11653"}],"wp:featuredmedia":[{"embeddable":true,"href":"https:\/\/nakskovfjordcamping.dk\/de\/wp-json\/wp\/v2\/media\/10608"}],"wp:attachment":[{"href":"https:\/\/nakskovfjordcamping.dk\/de\/wp-json\/wp\/v2\/media?parent=11652"}],"wp:term":[{"taxonomy":"category","embeddable":true,"href":"https:\/\/nakskovfjordcamping.dk\/de\/wp-json\/wp\/v2\/categories?post=11652"}],"curies":[{"name":"wp","href":"https:\/\/api.w.org\/{rel}","templated":true}]}}