{"id":11644,"date":"2021-09-23T06:19:38","date_gmt":"2021-09-23T04:19:38","guid":{"rendered":"https:\/\/nakskovfjordcamping.dk\/eishaus-und-bubblewaffles\/"},"modified":"2025-02-21T14:05:49","modified_gmt":"2025-02-21T13:05:49","slug":"eishaus-und-bubblewaffles","status":"publish","type":"page","link":"https:\/\/nakskovfjordcamping.dk\/de\/eishaus-und-bubblewaffles\/","title":{"rendered":"Eishaus und Bubblewaffles"},"content":{"rendered":"\t\t<div data-elementor-type=\"wp-page\" data-elementor-id=\"11644\" class=\"elementor elementor-11644 elementor-9536\" data-elementor-post-type=\"page\">\n\t\t\t\t<div class=\"elementor-element elementor-element-2325a6df e-con-full no-padding e-flex e-con e-parent\" data-id=\"2325a6df\" data-element_type=\"container\">\n\t\t\t\t<div class=\"elementor-element elementor-element-77160466 elementor-widget elementor-widget-template\" data-id=\"77160466\" data-element_type=\"widget\" data-widget_type=\"template.default\">\n\t\t\t\t<div class=\"elementor-widget-container\">\n\t\t\t\t\t<div class=\"elementor-template\">\n\t\t\t\t\t<div data-elementor-type=\"container\" data-elementor-id=\"6563\" class=\"elementor elementor-6563\" data-elementor-post-type=\"elementor_library\">\n\t\t\t\t<div class=\"elementor-element elementor-element-6b499f1f e-con-full no-padding e-flex e-con e-parent\" data-id=\"6b499f1f\" data-element_type=\"container\">\n\t\t\t\t<div class=\"elementor-element elementor-element-1ecbb66 elementor-widget elementor-widget-template\" data-id=\"1ecbb66\" data-element_type=\"widget\" data-widget_type=\"template.default\">\n\t\t\t\t<div class=\"elementor-widget-container\">\n\t\t\t\t\t<div class=\"elementor-template\">\n\t\t\t\t\t<div data-elementor-type=\"container\" data-elementor-id=\"6542\" class=\"elementor elementor-6542\" data-elementor-post-type=\"elementor_library\">\n\t\t\t\t<div class=\"elementor-element elementor-element-2bc4b5ab white e-flex e-con-boxed e-con e-parent\" data-id=\"2bc4b5ab\" data-element_type=\"container\" data-settings=\"{&quot;background_background&quot;:&quot;classic&quot;,&quot;shape_divider_bottom&quot;:&quot;curve-asymmetrical&quot;,&quot;shape_divider_bottom_negative&quot;:&quot;yes&quot;}\">\n\t\t\t\t\t<div class=\"e-con-inner\">\n\t\t\t\t<div class=\"elementor-shape elementor-shape-bottom\" data-negative=\"true\">\n\t\t\t<svg xmlns=\"http:\/\/www.w3.org\/2000\/svg\" viewBox=\"0 0 1000 100\" preserveAspectRatio=\"none\">\n\t<path class=\"elementor-shape-fill\" d=\"M615.2,96.7C240.2,97.8,0,18.9,0,0v100h1000V0C1000,19.2,989.8,96,615.2,96.7z\"\/>\n<\/svg>\t\t<\/div>\n\t\t\t\t<div class=\"elementor-element elementor-element-1d645c29 elementor-icon-list--layout-inline elementor-align-center elementor-list-item-link-full_width elementor-widget elementor-widget-icon-list\" data-id=\"1d645c29\" data-element_type=\"widget\" data-widget_type=\"icon-list.default\">\n\t\t\t\t<div class=\"elementor-widget-container\">\n\t\t\t\t\t<ul class=\"elementor-icon-list-items elementor-inline-items\">\n\t\t\t\t\t\t\t<li class=\"elementor-icon-list-item elementor-inline-item\">\n\t\t\t\t\t\t\t\t\t\t<span class=\"elementor-icon-list-text\"><a href=\"tel:+45 54 95 17 47\" aria-label=\"Telefon nummer\">+45 54 95 17 47<\/a><\/span>\n\t\t\t\t\t\t\t\t\t<\/li>\n\t\t\t\t\t\t\t\t<li class=\"elementor-icon-list-item elementor-inline-item\">\n\t\t\t\t\t\t\t\t\t\t<span class=\"elementor-icon-list-text\"><a href=\"mailto:info@nakskovfjordcamping.dk\" aria-label=\"Email adresse\">info@nakskovfjordcamping.dk<\/a><\/span>\n\t\t\t\t\t\t\t\t\t<\/li>\n\t\t\t\t\t\t<\/ul>\n\t\t\t\t<\/div>\n\t\t\t\t<\/div>\n\t\t\t\t\t<\/div>\n\t\t\t\t<\/div>\n\t\t\t\t<\/div>\n\t\t\t\t<\/div>\n\t\t\t\t<\/div>\n\t\t\t\t<\/div>\n\t\t\t\t<\/div>\n\t\t\t\t<\/div>\n\t\t\t\t<\/div>\n\t\t\t\t<\/div>\n\t\t\t\t<\/div>\n\t\t\t\t<\/div>\n\t\t<div class=\"elementor-element elementor-element-25274f48 e-flex e-con-boxed e-con e-parent\" data-id=\"25274f48\" data-element_type=\"container\">\n\t\t\t\t\t<div class=\"e-con-inner\">\n\t\t<div class=\"elementor-element elementor-element-42572cd6 e-con-full e-flex elementor-invisible e-con e-child\" data-id=\"42572cd6\" data-element_type=\"container\" data-settings=\"{&quot;animation&quot;:&quot;fadeInLeft&quot;}\">\n\t\t\t\t<div class=\"elementor-element elementor-element-5f05e84f elementor-widget__width-initial elementor-widget-tablet__width-inherit elementor-widget elementor-widget-text-editor\" data-id=\"5f05e84f\" data-element_type=\"widget\" data-widget_type=\"text-editor.default\">\n\t\t\t\t<div class=\"elementor-widget-container\">\n\t\t\t\t\t\t\t<h2>Unser Eishaus und unsere Bubblewaffles<\/h2>\n<p>Wir bieten auch hausgemachte, hochwertige Fjord-Eiswaffeln sowie unsere bekannten Bubblewaffles an.<\/p>\n\t\t\t\t\t\t<\/div>\n\t\t\t\t<\/div>\n\t\t\t\t<\/div>\n\t\t<div class=\"elementor-element elementor-element-1391f1e7 e-con-full e-flex elementor-invisible e-con e-child\" data-id=\"1391f1e7\" data-element_type=\"container\" data-settings=\"{&quot;animation&quot;:&quot;fadeInRight&quot;,&quot;background_background&quot;:&quot;classic&quot;}\">\n\t\t\t\t<\/div>\n\t\t\t\t\t<\/div>\n\t\t\t\t<\/div>\n\t\t<div class=\"elementor-element elementor-element-759fb2c4 e-flex e-con-boxed e-con e-parent\" data-id=\"759fb2c4\" data-element_type=\"container\">\n\t\t\t\t\t<div class=\"e-con-inner\">\n\t\t\t\t<div class=\"elementor-element elementor-element-16b17129 elementor-widget elementor-widget-gallery\" data-id=\"16b17129\" data-element_type=\"widget\" data-settings=\"{&quot;gap&quot;:{&quot;unit&quot;:&quot;px&quot;,&quot;size&quot;:30,&quot;sizes&quot;:[]},&quot;columns_tablet&quot;:3,&quot;columns_mobile&quot;:2,&quot;gap_tablet&quot;:{&quot;unit&quot;:&quot;px&quot;,&quot;size&quot;:15,&quot;sizes&quot;:[]},&quot;gap_mobile&quot;:{&quot;unit&quot;:&quot;px&quot;,&quot;size&quot;:15,&quot;sizes&quot;:[]},&quot;gallery_layout&quot;:&quot;masonry&quot;,&quot;columns&quot;:3,&quot;lazyload&quot;:&quot;yes&quot;,&quot;gap_laptop&quot;:{&quot;unit&quot;:&quot;px&quot;,&quot;size&quot;:10,&quot;sizes&quot;:[]},&quot;link_to&quot;:&quot;file&quot;,&quot;content_hover_animation&quot;:&quot;fade-in&quot;}\" data-widget_type=\"gallery.default\">\n\t\t\t\t<div class=\"elementor-widget-container\">\n\t\t\t\t\t<div class=\"elementor-gallery__container\">\n\t\t\t\t\t\t\t<a class=\"e-gallery-item elementor-gallery-item elementor-animated-content\" href=\"https:\/\/nakskovfjordcamping.dk\/wp-content\/uploads\/2025\/02\/IMG_3117.jpeg\" data-elementor-open-lightbox=\"yes\" data-elementor-lightbox-slideshow=\"16b17129\" data-e-action-hash=\"#elementor-action%3Aaction%3Dlightbox%26settings%3DeyJpZCI6MTEwMzQsInVybCI6Imh0dHBzOlwvXC9uYWtza292ZmpvcmRjYW1waW5nLmRrXC93cC1jb250ZW50XC91cGxvYWRzXC8yMDI1XC8wMlwvSU1HXzMxMTcuanBlZyIsInNsaWRlc2hvdyI6IjE2YjE3MTI5In0%3D\" data-rel=\"-image-0\" data-rl_title=\"\" data-rl_caption=\"\" title=\"\">\n\t\t\t\t\t<div class=\"e-gallery-image elementor-gallery-item__image\" data-thumbnail=\"https:\/\/nakskovfjordcamping.dk\/wp-content\/uploads\/2025\/02\/IMG_3117.jpeg\" data-width=\"1440\" data-height=\"1080\" aria-label=\"\" role=\"img\" ><\/div>\n\t\t\t\t\t\t\t\t\t\t\t\t\t\t<\/a>\n\t\t\t\t\t\t\t<a class=\"e-gallery-item elementor-gallery-item elementor-animated-content\" href=\"https:\/\/nakskovfjordcamping.dk\/wp-content\/uploads\/2025\/01\/361955238_777041444426446_3062213638550128566_n.jpg\" data-elementor-open-lightbox=\"yes\" data-elementor-lightbox-slideshow=\"16b17129\" data-e-action-hash=\"#elementor-action%3Aaction%3Dlightbox%26settings%3DeyJpZCI6MTA1OTQsInVybCI6Imh0dHBzOlwvXC9uYWtza292ZmpvcmRjYW1waW5nLmRrXC93cC1jb250ZW50XC91cGxvYWRzXC8yMDI1XC8wMVwvMzYxOTU1MjM4Xzc3NzA0MTQ0NDQyNjQ0Nl8zMDYyMjEzNjM4NTUwMTI4NTY2X24uanBnIiwic2xpZGVzaG93IjoiMTZiMTcxMjkifQ%3D%3D\" data-rel=\"-image-1\" data-rl_title=\"\" data-rl_caption=\"\" title=\"\">\n\t\t\t\t\t<div class=\"e-gallery-image elementor-gallery-item__image\" data-thumbnail=\"https:\/\/nakskovfjordcamping.dk\/wp-content\/uploads\/2025\/01\/361955238_777041444426446_3062213638550128566_n.jpg\" data-width=\"1080\" data-height=\"811\" aria-label=\"\" role=\"img\" ><\/div>\n\t\t\t\t\t\t\t\t\t\t\t\t\t\t<\/a>\n\t\t\t\t\t\t\t<a class=\"e-gallery-item elementor-gallery-item elementor-animated-content\" href=\"https:\/\/nakskovfjordcamping.dk\/wp-content\/uploads\/2025\/01\/361962408_777041481093109_629122703607763201_n.jpg\" data-elementor-open-lightbox=\"yes\" data-elementor-lightbox-slideshow=\"16b17129\" data-e-action-hash=\"#elementor-action%3Aaction%3Dlightbox%26settings%3DeyJpZCI6MTA1OTIsInVybCI6Imh0dHBzOlwvXC9uYWtza292ZmpvcmRjYW1waW5nLmRrXC93cC1jb250ZW50XC91cGxvYWRzXC8yMDI1XC8wMVwvMzYxOTYyNDA4Xzc3NzA0MTQ4MTA5MzEwOV82MjkxMjI3MDM2MDc3NjMyMDFfbi5qcGciLCJzbGlkZXNob3ciOiIxNmIxNzEyOSJ9\" data-rel=\"-image-2\" data-rl_title=\"\" data-rl_caption=\"\" title=\"\">\n\t\t\t\t\t<div class=\"e-gallery-image elementor-gallery-item__image\" data-thumbnail=\"https:\/\/nakskovfjordcamping.dk\/wp-content\/uploads\/2025\/01\/361962408_777041481093109_629122703607763201_n.jpg\" data-width=\"1440\" data-height=\"1077\" aria-label=\"\" role=\"img\" ><\/div>\n\t\t\t\t\t\t\t\t\t\t\t\t\t\t<\/a>\n\t\t\t\t\t\t\t<a class=\"e-gallery-item elementor-gallery-item elementor-animated-content\" href=\"https:\/\/nakskovfjordcamping.dk\/wp-content\/uploads\/2025\/01\/361906937_777041464426444_2519740226762050226_n.jpg\" data-elementor-open-lightbox=\"yes\" data-elementor-lightbox-slideshow=\"16b17129\" data-e-action-hash=\"#elementor-action%3Aaction%3Dlightbox%26settings%3DeyJpZCI6MTA1OTAsInVybCI6Imh0dHBzOlwvXC9uYWtza292ZmpvcmRjYW1waW5nLmRrXC93cC1jb250ZW50XC91cGxvYWRzXC8yMDI1XC8wMVwvMzYxOTA2OTM3Xzc3NzA0MTQ2NDQyNjQ0NF8yNTE5NzQwMjI2NzYyMDUwMjI2X24uanBnIiwic2xpZGVzaG93IjoiMTZiMTcxMjkifQ%3D%3D\" data-rel=\"-image-3\" data-rl_title=\"\" data-rl_caption=\"\" title=\"\">\n\t\t\t\t\t<div class=\"e-gallery-image elementor-gallery-item__image\" data-thumbnail=\"https:\/\/nakskovfjordcamping.dk\/wp-content\/uploads\/2025\/01\/361906937_777041464426444_2519740226762050226_n.jpg\" data-width=\"1080\" data-height=\"811\" aria-label=\"\" role=\"img\" ><\/div>\n\t\t\t\t\t\t\t\t\t\t\t\t\t\t<\/a>\n\t\t\t\t\t<\/div>\n\t\t\t<\/div>\n\t\t\t\t<\/div>\n\t\t\t\t\t<\/div>\n\t\t\t\t<\/div>\n\t\t<div class=\"elementor-element elementor-element-1ddd0e7c e-con-full e-flex e-con e-parent\" data-id=\"1ddd0e7c\" data-element_type=\"container\">\n\t\t\t\t<div class=\"elementor-element elementor-element-18a0d269 elementor-widget elementor-widget-shortcode\" data-id=\"18a0d269\" data-element_type=\"widget\" data-widget_type=\"shortcode.default\">\n\t\t\t\t<div class=\"elementor-widget-container\">\n\t\t\t\t\t<div class=\"elementor-shortcode\">\t\t<div data-elementor-type=\"container\" data-elementor-id=\"11784\" class=\"elementor elementor-11784 elementor-9749\" data-elementor-post-type=\"elementor_library\">\n\t\t\t\t<div class=\"elementor-element elementor-element-34db1a0e light e-flex e-con-boxed e-con e-parent\" data-id=\"34db1a0e\" data-element_type=\"container\">\n\t\t\t\t\t<div class=\"e-con-inner\">\n\t\t<div class=\"elementor-element elementor-element-72d2e1d8 e-con-full e-flex e-con e-child\" data-id=\"72d2e1d8\" data-element_type=\"container\">\n\t\t\t\t<div class=\"elementor-element elementor-element-74083e18 elementor-widget elementor-widget-google_maps\" data-id=\"74083e18\" data-element_type=\"widget\" data-widget_type=\"google_maps.default\">\n\t\t\t\t<div class=\"elementor-widget-container\">\n\t\t\t\t\t<div class=\"elementor-custom-embed\">\n\t\t\t<iframe loading=\"lazy\"\n\t\t\t\t\tsrc=\"https:\/\/maps.google.com\/maps?q=nakskov%20fjord%20camping&#038;t=m&#038;z=10&#038;output=embed&#038;iwloc=near\"\n\t\t\t\t\ttitle=\"nakskov fjord camping\"\n\t\t\t\t\taria-label=\"nakskov fjord camping\"\n\t\t\t><\/iframe>\n\t\t<\/div>\n\t\t\t\t<\/div>\n\t\t\t\t<\/div>\n\t\t\t\t<\/div>\n\t\t<div class=\"elementor-element elementor-element-7a957146 e-con-full padding white e-flex e-con e-child\" data-id=\"7a957146\" data-element_type=\"container\" data-settings=\"{&quot;background_background&quot;:&quot;classic&quot;}\">\n\t\t<div class=\"elementor-element elementor-element-63c263ce e-con-full e-flex e-con e-child\" data-id=\"63c263ce\" data-element_type=\"container\">\n\t\t\t\t<div class=\"elementor-element elementor-element-24883790 elementor-widget elementor-widget-text-editor\" data-id=\"24883790\" data-element_type=\"widget\" data-widget_type=\"text-editor.default\">\n\t\t\t\t<div class=\"elementor-widget-container\">\n\t\t\t\t\t\t\t<h3 style=\"text-align: center;\" data-mce-style=\"text-align: center;\">Nakskov Fjord Camping liegt im Butterloch<\/h3>\n<p style=\"text-align: center;\" data-mce-style=\"text-align: center;\">T\u00e4uschen Sie sich nicht das Erlebnis der wundersch\u00f6nen Natur, des nahe gelegenen Fjords und der vielen Aktivit\u00e4ten, die Nakskov zu bieten hat.<\/p>\n\t\t\t\t\t\t<\/div>\n\t\t\t\t<\/div>\n\t\t\t\t<\/div>\n\t\t<div class=\"elementor-element elementor-element-2839d38 e-con-full e-flex e-con e-child\" data-id=\"2839d38\" data-element_type=\"container\">\n\t\t\t\t<div class=\"elementor-element elementor-element-064dc0b elementor-widget elementor-widget-button\" data-id=\"064dc0b\" data-element_type=\"widget\" data-widget_type=\"button.default\">\n\t\t\t\t<div class=\"elementor-widget-container\">\n\t\t\t\t\t\t\t<div class=\"elementor-button-wrapper\">\n\t\t\t\t\t<a class=\"elementor-button elementor-button-link elementor-size-sm\" href=\"https:\/\/v3.onlinebooking.dk\/V3HESTEHOV\" target=\"_blank\">\n\t\t\t\t\t\t<span class=\"elementor-button-content-wrapper\">\n\t\t\t\t\t\t\t\t\t<span class=\"elementor-button-text\">Hier Buchen<\/span>\n\t\t\t\t\t<\/span>\n\t\t\t\t\t<\/a>\n\t\t\t\t<\/div>\n\t\t\t\t\t\t<\/div>\n\t\t\t\t<\/div>\n\t\t\t\t<div class=\"elementor-element elementor-element-f14fafb elementor-widget elementor-widget-button\" data-id=\"f14fafb\" data-element_type=\"widget\" data-widget_type=\"button.default\">\n\t\t\t\t<div class=\"elementor-widget-container\">\n\t\t\t\t\t\t\t<div class=\"elementor-button-wrapper\">\n\t\t\t\t\t<a class=\"elementor-button elementor-button-link elementor-size-sm\" href=\"\/wp-content\/uploads\/2024\/08\/Brochure-08-2023-part-2.pdf\" target=\"_blank\">\n\t\t\t\t\t\t<span class=\"elementor-button-content-wrapper\">\n\t\t\t\t\t\t\t\t\t<span class=\"elementor-button-text\">Tischkarte<\/span>\n\t\t\t\t\t<\/span>\n\t\t\t\t\t<\/a>\n\t\t\t\t<\/div>\n\t\t\t\t\t\t<\/div>\n\t\t\t\t<\/div>\n\t\t\t\t<div class=\"elementor-element elementor-element-d7eb804 elementor-widget elementor-widget-button\" data-id=\"d7eb804\" data-element_type=\"widget\" data-widget_type=\"button.default\">\n\t\t\t\t<div class=\"elementor-widget-container\">\n\t\t\t\t\t\t\t<div class=\"elementor-button-wrapper\">\n\t\t\t\t\t<a class=\"elementor-button elementor-button-link elementor-size-sm\" href=\"https:\/\/nakskovfjordcamping.dk\/de\/kontakt-uns\/\">\n\t\t\t\t\t\t<span class=\"elementor-button-content-wrapper\">\n\t\t\t\t\t\t\t\t\t<span class=\"elementor-button-text\">Kontaktieren<\/span>\n\t\t\t\t\t<\/span>\n\t\t\t\t\t<\/a>\n\t\t\t\t<\/div>\n\t\t\t\t\t\t<\/div>\n\t\t\t\t<\/div>\n\t\t\t\t<\/div>\n\t\t\t\t<\/div>\n\t\t\t\t\t<\/div>\n\t\t\t\t<\/div>\n\t\t\t\t<\/div>\n\t\t<\/div>\n\t\t\t\t<\/div>\n\t\t\t\t<\/div>\n\t\t\t\t<\/div>\n\t\t\t\t<\/div>\n\t\t","protected":false},"excerpt":{"rendered":"<p>Unser Eishaus und unsere Bubblewaffles Wir bieten auch hausgemachte, hochwertige Fjord-Eiswaffeln sowie unsere bekannten Bubblewaffles an.<\/p>\n","protected":false},"author":1,"featured_media":10590,"parent":0,"menu_order":20,"comment_status":"closed","ping_status":"open","template":"","meta":{"_acf_changed":false,"footnotes":""},"categories":[],"class_list":["post-11644","page","type-page","status-publish","has-post-thumbnail"],"acf":[],"yoast_head":"<!-- This site is optimized with the Yoast SEO plugin v26.8 - https:\/\/yoast.com\/product\/yoast-seo-wordpress\/ -->\n<title>Eishaus und Bubblewaffles | Nakskov Fjord Camping ApS<\/title>\n<meta name=\"robots\" content=\"index, follow, max-snippet:-1, max-image-preview:large, max-video-preview:-1\" \/>\n<link rel=\"canonical\" href=\"https:\/\/nakskovfjordcamping.dk\/ishus\/\" \/>\n<meta property=\"og:locale\" content=\"de_DE\" \/>\n<meta property=\"og:type\" content=\"article\" \/>\n<meta property=\"og:title\" content=\"Eishaus und Bubblewaffles | Nakskov Fjord Camping ApS\" \/>\n<meta property=\"og:description\" content=\"Unser Eishaus und unsere Bubblewaffles Wir bieten auch hausgemachte, hochwertige Fjord-Eiswaffeln sowie unsere bekannten Bubblewaffles an.\" \/>\n<meta property=\"og:url\" content=\"https:\/\/nakskovfjordcamping.dk\/ishus\/\" \/>\n<meta property=\"og:site_name\" content=\"Nakskov Fjord Camping ApS\" \/>\n<meta property=\"article:modified_time\" content=\"2025-02-21T13:05:49+00:00\" \/>\n<meta property=\"og:image\" content=\"https:\/\/nakskovfjordcamping.dk\/wp-content\/uploads\/2025\/01\/361906937_777041464426444_2519740226762050226_n.jpg\" \/>\n\t<meta property=\"og:image:width\" content=\"1080\" \/>\n\t<meta property=\"og:image:height\" content=\"811\" \/>\n\t<meta property=\"og:image:type\" content=\"image\/jpeg\" \/>\n<meta name=\"twitter:card\" content=\"summary_large_image\" \/>\n<script type=\"application\/ld+json\" class=\"yoast-schema-graph\">{\"@context\":\"https:\/\/schema.org\",\"@graph\":[{\"@type\":\"WebPage\",\"@id\":\"https:\/\/nakskovfjordcamping.dk\/ishus\/\",\"url\":\"https:\/\/nakskovfjordcamping.dk\/ishus\/\",\"name\":\"Eishaus und Bubblewaffles | Nakskov Fjord Camping ApS\",\"isPartOf\":{\"@id\":\"https:\/\/ny.wktemplate.dk\/#website\"},\"primaryImageOfPage\":{\"@id\":\"https:\/\/nakskovfjordcamping.dk\/ishus\/#primaryimage\"},\"image\":{\"@id\":\"https:\/\/nakskovfjordcamping.dk\/ishus\/#primaryimage\"},\"thumbnailUrl\":\"https:\/\/nakskovfjordcamping.dk\/wp-content\/uploads\/2025\/01\/361906937_777041464426444_2519740226762050226_n.jpg\",\"datePublished\":\"2021-09-23T04:19:38+00:00\",\"dateModified\":\"2025-02-21T13:05:49+00:00\",\"breadcrumb\":{\"@id\":\"https:\/\/nakskovfjordcamping.dk\/ishus\/#breadcrumb\"},\"inLanguage\":\"de\",\"potentialAction\":[{\"@type\":\"ReadAction\",\"target\":[\"https:\/\/nakskovfjordcamping.dk\/ishus\/\"]}]},{\"@type\":\"ImageObject\",\"inLanguage\":\"de\",\"@id\":\"https:\/\/nakskovfjordcamping.dk\/ishus\/#primaryimage\",\"url\":\"https:\/\/nakskovfjordcamping.dk\/wp-content\/uploads\/2025\/01\/361906937_777041464426444_2519740226762050226_n.jpg\",\"contentUrl\":\"https:\/\/nakskovfjordcamping.dk\/wp-content\/uploads\/2025\/01\/361906937_777041464426444_2519740226762050226_n.jpg\",\"width\":1080,\"height\":811},{\"@type\":\"BreadcrumbList\",\"@id\":\"https:\/\/nakskovfjordcamping.dk\/ishus\/#breadcrumb\",\"itemListElement\":[{\"@type\":\"ListItem\",\"position\":1,\"name\":\"Forside\",\"item\":\"https:\/\/nakskovfjordcamping.dk\/\"},{\"@type\":\"ListItem\",\"position\":2,\"name\":\"Eishaus und Bubblewaffles\"}]},{\"@type\":\"WebSite\",\"@id\":\"https:\/\/ny.wktemplate.dk\/#website\",\"url\":\"https:\/\/ny.wktemplate.dk\/\",\"name\":\"Nakskov Fjord Camping ApS\",\"description\":\"Camping p\u00e5 Lolland: Campingplads i Nakskov med dejlige campinghytter\",\"publisher\":{\"@id\":\"https:\/\/ny.wktemplate.dk\/#organization\"},\"potentialAction\":[{\"@type\":\"SearchAction\",\"target\":{\"@type\":\"EntryPoint\",\"urlTemplate\":\"https:\/\/ny.wktemplate.dk\/?s={search_term_string}\"},\"query-input\":{\"@type\":\"PropertyValueSpecification\",\"valueRequired\":true,\"valueName\":\"search_term_string\"}}],\"inLanguage\":\"de\"},{\"@type\":\"Organization\",\"@id\":\"https:\/\/ny.wktemplate.dk\/#organization\",\"name\":\"Nakskov Fjord Camping ApS\",\"url\":\"https:\/\/ny.wktemplate.dk\/\",\"logo\":{\"@type\":\"ImageObject\",\"inLanguage\":\"de\",\"@id\":\"https:\/\/ny.wktemplate.dk\/#\/schema\/logo\/image\/\",\"url\":\"https:\/\/nakskovfjordcamping.dk\/wp-content\/uploads\/2021\/09\/logo.png\",\"contentUrl\":\"https:\/\/nakskovfjordcamping.dk\/wp-content\/uploads\/2021\/09\/logo.png\",\"width\":309,\"height\":76,\"caption\":\"Nakskov Fjord Camping ApS\"},\"image\":{\"@id\":\"https:\/\/ny.wktemplate.dk\/#\/schema\/logo\/image\/\"}}]}<\/script>\n<!-- \/ Yoast SEO plugin. -->","yoast_head_json":{"title":"Eishaus und Bubblewaffles | Nakskov Fjord Camping ApS","robots":{"index":"index","follow":"follow","max-snippet":"max-snippet:-1","max-image-preview":"max-image-preview:large","max-video-preview":"max-video-preview:-1"},"canonical":"https:\/\/nakskovfjordcamping.dk\/ishus\/","og_locale":"de_DE","og_type":"article","og_title":"Eishaus und Bubblewaffles | Nakskov Fjord Camping ApS","og_description":"Unser Eishaus und unsere Bubblewaffles Wir bieten auch hausgemachte, hochwertige Fjord-Eiswaffeln sowie unsere bekannten Bubblewaffles an.","og_url":"https:\/\/nakskovfjordcamping.dk\/ishus\/","og_site_name":"Nakskov Fjord Camping ApS","article_modified_time":"2025-02-21T13:05:49+00:00","og_image":[{"width":1080,"height":811,"url":"https:\/\/nakskovfjordcamping.dk\/wp-content\/uploads\/2025\/01\/361906937_777041464426444_2519740226762050226_n.jpg","type":"image\/jpeg"}],"twitter_card":"summary_large_image","schema":{"@context":"https:\/\/schema.org","@graph":[{"@type":"WebPage","@id":"https:\/\/nakskovfjordcamping.dk\/ishus\/","url":"https:\/\/nakskovfjordcamping.dk\/ishus\/","name":"Eishaus und Bubblewaffles | Nakskov Fjord Camping ApS","isPartOf":{"@id":"https:\/\/ny.wktemplate.dk\/#website"},"primaryImageOfPage":{"@id":"https:\/\/nakskovfjordcamping.dk\/ishus\/#primaryimage"},"image":{"@id":"https:\/\/nakskovfjordcamping.dk\/ishus\/#primaryimage"},"thumbnailUrl":"https:\/\/nakskovfjordcamping.dk\/wp-content\/uploads\/2025\/01\/361906937_777041464426444_2519740226762050226_n.jpg","datePublished":"2021-09-23T04:19:38+00:00","dateModified":"2025-02-21T13:05:49+00:00","breadcrumb":{"@id":"https:\/\/nakskovfjordcamping.dk\/ishus\/#breadcrumb"},"inLanguage":"de","potentialAction":[{"@type":"ReadAction","target":["https:\/\/nakskovfjordcamping.dk\/ishus\/"]}]},{"@type":"ImageObject","inLanguage":"de","@id":"https:\/\/nakskovfjordcamping.dk\/ishus\/#primaryimage","url":"https:\/\/nakskovfjordcamping.dk\/wp-content\/uploads\/2025\/01\/361906937_777041464426444_2519740226762050226_n.jpg","contentUrl":"https:\/\/nakskovfjordcamping.dk\/wp-content\/uploads\/2025\/01\/361906937_777041464426444_2519740226762050226_n.jpg","width":1080,"height":811},{"@type":"BreadcrumbList","@id":"https:\/\/nakskovfjordcamping.dk\/ishus\/#breadcrumb","itemListElement":[{"@type":"ListItem","position":1,"name":"Forside","item":"https:\/\/nakskovfjordcamping.dk\/"},{"@type":"ListItem","position":2,"name":"Eishaus und Bubblewaffles"}]},{"@type":"WebSite","@id":"https:\/\/ny.wktemplate.dk\/#website","url":"https:\/\/ny.wktemplate.dk\/","name":"Nakskov Fjord Camping ApS","description":"Camping p\u00e5 Lolland: Campingplads i Nakskov med dejlige campinghytter","publisher":{"@id":"https:\/\/ny.wktemplate.dk\/#organization"},"potentialAction":[{"@type":"SearchAction","target":{"@type":"EntryPoint","urlTemplate":"https:\/\/ny.wktemplate.dk\/?s={search_term_string}"},"query-input":{"@type":"PropertyValueSpecification","valueRequired":true,"valueName":"search_term_string"}}],"inLanguage":"de"},{"@type":"Organization","@id":"https:\/\/ny.wktemplate.dk\/#organization","name":"Nakskov Fjord Camping ApS","url":"https:\/\/ny.wktemplate.dk\/","logo":{"@type":"ImageObject","inLanguage":"de","@id":"https:\/\/ny.wktemplate.dk\/#\/schema\/logo\/image\/","url":"https:\/\/nakskovfjordcamping.dk\/wp-content\/uploads\/2021\/09\/logo.png","contentUrl":"https:\/\/nakskovfjordcamping.dk\/wp-content\/uploads\/2021\/09\/logo.png","width":309,"height":76,"caption":"Nakskov Fjord Camping ApS"},"image":{"@id":"https:\/\/ny.wktemplate.dk\/#\/schema\/logo\/image\/"}}]}},"_links":{"self":[{"href":"https:\/\/nakskovfjordcamping.dk\/de\/wp-json\/wp\/v2\/pages\/11644","targetHints":{"allow":["GET"]}}],"collection":[{"href":"https:\/\/nakskovfjordcamping.dk\/de\/wp-json\/wp\/v2\/pages"}],"about":[{"href":"https:\/\/nakskovfjordcamping.dk\/de\/wp-json\/wp\/v2\/types\/page"}],"author":[{"embeddable":true,"href":"https:\/\/nakskovfjordcamping.dk\/de\/wp-json\/wp\/v2\/users\/1"}],"replies":[{"embeddable":true,"href":"https:\/\/nakskovfjordcamping.dk\/de\/wp-json\/wp\/v2\/comments?post=11644"}],"version-history":[{"count":1,"href":"https:\/\/nakskovfjordcamping.dk\/de\/wp-json\/wp\/v2\/pages\/11644\/revisions"}],"predecessor-version":[{"id":11645,"href":"https:\/\/nakskovfjordcamping.dk\/de\/wp-json\/wp\/v2\/pages\/11644\/revisions\/11645"}],"wp:featuredmedia":[{"embeddable":true,"href":"https:\/\/nakskovfjordcamping.dk\/de\/wp-json\/wp\/v2\/media\/10590"}],"wp:attachment":[{"href":"https:\/\/nakskovfjordcamping.dk\/de\/wp-json\/wp\/v2\/media?parent=11644"}],"wp:term":[{"taxonomy":"category","embeddable":true,"href":"https:\/\/nakskovfjordcamping.dk\/de\/wp-json\/wp\/v2\/categories?post=11644"}],"curies":[{"name":"wp","href":"https:\/\/api.w.org\/{rel}","templated":true}]}}