{"id":11624,"date":"2021-09-23T06:19:38","date_gmt":"2021-09-23T04:19:38","guid":{"rendered":"https:\/\/nakskovfjordcamping.dk\/familienhuetten\/"},"modified":"2025-02-21T13:27:31","modified_gmt":"2025-02-21T12:27:31","slug":"familienhuetten","status":"publish","type":"page","link":"https:\/\/nakskovfjordcamping.dk\/de\/familienhuetten\/","title":{"rendered":"Familienh\u00fctten"},"content":{"rendered":"\t\t<div data-elementor-type=\"wp-page\" data-elementor-id=\"11624\" class=\"elementor elementor-11624 elementor-9482\" data-elementor-post-type=\"page\">\n\t\t\t\t<div class=\"elementor-element elementor-element-440c97d9 e-con-full no-padding e-flex e-con e-parent\" data-id=\"440c97d9\" data-element_type=\"container\">\n\t\t\t\t<div class=\"elementor-element elementor-element-65caf86a elementor-widget elementor-widget-template\" data-id=\"65caf86a\" data-element_type=\"widget\" data-widget_type=\"template.default\">\n\t\t\t\t<div class=\"elementor-widget-container\">\n\t\t\t\t\t<div class=\"elementor-template\">\n\t\t\t\t\t<div data-elementor-type=\"container\" data-elementor-id=\"6563\" class=\"elementor elementor-6563\" data-elementor-post-type=\"elementor_library\">\n\t\t\t\t<div class=\"elementor-element elementor-element-6b499f1f e-con-full no-padding e-flex e-con e-parent\" data-id=\"6b499f1f\" data-element_type=\"container\">\n\t\t\t\t<div class=\"elementor-element elementor-element-1ecbb66 elementor-widget elementor-widget-template\" data-id=\"1ecbb66\" data-element_type=\"widget\" data-widget_type=\"template.default\">\n\t\t\t\t<div class=\"elementor-widget-container\">\n\t\t\t\t\t<div class=\"elementor-template\">\n\t\t\t\t\t<div data-elementor-type=\"container\" data-elementor-id=\"6542\" class=\"elementor elementor-6542\" data-elementor-post-type=\"elementor_library\">\n\t\t\t\t<div class=\"elementor-element elementor-element-2bc4b5ab white e-flex e-con-boxed e-con e-parent\" data-id=\"2bc4b5ab\" data-element_type=\"container\" data-settings=\"{&quot;background_background&quot;:&quot;classic&quot;,&quot;shape_divider_bottom&quot;:&quot;curve-asymmetrical&quot;,&quot;shape_divider_bottom_negative&quot;:&quot;yes&quot;}\">\n\t\t\t\t\t<div class=\"e-con-inner\">\n\t\t\t\t<div class=\"elementor-shape elementor-shape-bottom\" data-negative=\"true\">\n\t\t\t<svg xmlns=\"http:\/\/www.w3.org\/2000\/svg\" viewBox=\"0 0 1000 100\" preserveAspectRatio=\"none\">\n\t<path class=\"elementor-shape-fill\" d=\"M615.2,96.7C240.2,97.8,0,18.9,0,0v100h1000V0C1000,19.2,989.8,96,615.2,96.7z\"\/>\n<\/svg>\t\t<\/div>\n\t\t\t\t<div class=\"elementor-element elementor-element-1d645c29 elementor-icon-list--layout-inline elementor-align-center elementor-list-item-link-full_width elementor-widget elementor-widget-icon-list\" data-id=\"1d645c29\" data-element_type=\"widget\" data-widget_type=\"icon-list.default\">\n\t\t\t\t<div class=\"elementor-widget-container\">\n\t\t\t\t\t<ul class=\"elementor-icon-list-items elementor-inline-items\">\n\t\t\t\t\t\t\t<li class=\"elementor-icon-list-item elementor-inline-item\">\n\t\t\t\t\t\t\t\t\t\t<span class=\"elementor-icon-list-text\"><a href=\"tel:+45 54 95 17 47\" aria-label=\"Telefon nummer\">+45 54 95 17 47<\/a><\/span>\n\t\t\t\t\t\t\t\t\t<\/li>\n\t\t\t\t\t\t\t\t<li class=\"elementor-icon-list-item elementor-inline-item\">\n\t\t\t\t\t\t\t\t\t\t<span class=\"elementor-icon-list-text\"><a href=\"mailto:info@nakskovfjordcamping.dk\" aria-label=\"Email adresse\">info@nakskovfjordcamping.dk<\/a><\/span>\n\t\t\t\t\t\t\t\t\t<\/li>\n\t\t\t\t\t\t<\/ul>\n\t\t\t\t<\/div>\n\t\t\t\t<\/div>\n\t\t\t\t\t<\/div>\n\t\t\t\t<\/div>\n\t\t\t\t<\/div>\n\t\t\t\t<\/div>\n\t\t\t\t<\/div>\n\t\t\t\t<\/div>\n\t\t\t\t<\/div>\n\t\t\t\t<\/div>\n\t\t\t\t<\/div>\n\t\t\t\t<\/div>\n\t\t\t\t<\/div>\n\t\t\t\t<\/div>\n\t\t<div class=\"elementor-element elementor-element-64f308a8 e-flex e-con-boxed e-con e-parent\" data-id=\"64f308a8\" data-element_type=\"container\">\n\t\t\t\t\t<div class=\"e-con-inner\">\n\t\t<div class=\"elementor-element elementor-element-502952d0 e-con-full e-flex elementor-invisible e-con e-child\" data-id=\"502952d0\" data-element_type=\"container\" data-settings=\"{&quot;animation&quot;:&quot;fadeInLeft&quot;}\">\n\t\t\t\t<div class=\"elementor-element elementor-element-243bf729 elementor-widget__width-initial elementor-widget-tablet__width-inherit elementor-widget elementor-widget-text-editor\" data-id=\"243bf729\" data-element_type=\"widget\" data-widget_type=\"text-editor.default\">\n\t\t\t\t<div class=\"elementor-widget-container\">\n\t\t\t\t\t\t\t<h2>Gem\u00fctliche Familienh\u00fctten<\/h2>\n<p>Wenn Sie lieber unter einem richtigen Dach \u00fcbernachten, k\u00f6nnen wir Ihnen mehrere gem\u00fctliche H\u00fctten mit 9 m\u00b2 und eine mit 15 m\u00b2 anbieten.<\/p>\n<p><strong>In den H\u00fctten gibt es:<\/strong><\/p>\n<ul>\n<li>Etagenbetten<\/li>\n<li>K\u00fchlschrank<\/li>\n<li>Wasserkocher<\/li>\n<li>K\u00fcchenzubeh\u00f6r zum Kochen in der Gemeinschaftsk\u00fcche<\/li>\n<li>Die H\u00fctten sind sehr gut f\u00fcr Einzel\u00fcbernachtungen und f\u00fcr gew\u00f6hnliche \u00dcbernachtungen geeignet.<\/li>\n<\/ul>\n\t\t\t\t\t\t<\/div>\n\t\t\t\t<\/div>\n\t\t\t\t<\/div>\n\t\t\t\t\t<\/div>\n\t\t\t\t<\/div>\n\t\t<div class=\"elementor-element elementor-element-a58f2ae e-con-full no-padding light e-flex e-con e-parent\" data-id=\"a58f2ae\" data-element_type=\"container\">\n\t\t<div class=\"elementor-element elementor-element-edfcda0 e-con-full e-flex elementor-invisible e-con e-child\" data-id=\"edfcda0\" data-element_type=\"container\" data-settings=\"{&quot;background_background&quot;:&quot;classic&quot;,&quot;animation&quot;:&quot;fadeInLeft&quot;}\">\n\t\t\t\t<\/div>\n\t\t<div class=\"elementor-element elementor-element-49cc26b6 e-con-full contained padding e-flex elementor-invisible e-con e-child\" data-id=\"49cc26b6\" data-element_type=\"container\" data-settings=\"{&quot;animation&quot;:&quot;fadeInRight&quot;}\">\n\t\t\t\t<div class=\"elementor-element elementor-element-233cf40c elementor-widget elementor-widget-text-editor\" data-id=\"233cf40c\" data-element_type=\"widget\" data-widget_type=\"text-editor.default\">\n\t\t\t\t<div class=\"elementor-widget-container\">\n\t\t\t\t\t\t\t<h3>Familienh\u00fctten mit guter Ausstattung in Nakskov<\/h3>\n<p>Drei der H\u00fctten haben einen Esstisch und normale Betten und sind gut geeignet f\u00fcr 2 Personen.<\/p>\n<p>Eine der Kabinen ist f\u00fcr 4 Personen eingerichtet und verf\u00fcgt \u00fcber ein Schlafsofa, einen Esstisch und St\u00fchle.<\/p>\n<p>Die 15 m\u00b2 gro\u00dfen Teddyb\u00e4rh\u00fctten sind mit 1 Doppelbett und 1 Schlafsofa f\u00fcr 2 Personen sowie einem Esstisch mit St\u00fchlen ausgestattet.<\/p>\n<p>Alle H\u00fctten verf\u00fcgen \u00fcber Gartenm\u00f6bel im Freien.<\/p>\n<p>Lesen Sie mehr \u00fcber unsere g\u00fcnstigen Preise!<\/p>\n<p>Und hier erfahren Sie mehr \u00fcber unsere Luxush\u00fctten mit Platz f\u00fcr 6 Personen<\/p>\n\t\t\t\t\t\t<\/div>\n\t\t\t\t<\/div>\n\t\t\t\t<\/div>\n\t\t\t\t<\/div>\n\t\t<div class=\"elementor-element elementor-element-123bce9e e-flex e-con-boxed e-con e-parent\" data-id=\"123bce9e\" data-element_type=\"container\">\n\t\t\t\t\t<div class=\"e-con-inner\">\n\t\t\t\t<div class=\"elementor-element elementor-element-6128fc56 elementor-widget elementor-widget-gallery\" data-id=\"6128fc56\" data-element_type=\"widget\" data-settings=\"{&quot;gap&quot;:{&quot;unit&quot;:&quot;px&quot;,&quot;size&quot;:30,&quot;sizes&quot;:[]},&quot;columns_tablet&quot;:3,&quot;columns_mobile&quot;:2,&quot;gap_tablet&quot;:{&quot;unit&quot;:&quot;px&quot;,&quot;size&quot;:15,&quot;sizes&quot;:[]},&quot;gap_mobile&quot;:{&quot;unit&quot;:&quot;px&quot;,&quot;size&quot;:15,&quot;sizes&quot;:[]},&quot;gallery_layout&quot;:&quot;masonry&quot;,&quot;columns&quot;:3,&quot;lazyload&quot;:&quot;yes&quot;,&quot;gap_laptop&quot;:{&quot;unit&quot;:&quot;px&quot;,&quot;size&quot;:10,&quot;sizes&quot;:[]},&quot;link_to&quot;:&quot;file&quot;,&quot;content_hover_animation&quot;:&quot;fade-in&quot;}\" data-widget_type=\"gallery.default\">\n\t\t\t\t<div class=\"elementor-widget-container\">\n\t\t\t\t\t<div class=\"elementor-gallery__container\">\n\t\t\t\t\t\t\t<a class=\"e-gallery-item elementor-gallery-item elementor-animated-content\" href=\"https:\/\/nakskovfjordcamping.dk\/wp-content\/uploads\/2021\/09\/023_1067x800.jpg\" data-elementor-open-lightbox=\"yes\" data-elementor-lightbox-slideshow=\"6128fc56\" data-e-action-hash=\"#elementor-action%3Aaction%3Dlightbox%26settings%3DeyJpZCI6OTg0NCwidXJsIjoiaHR0cHM6XC9cL25ha3Nrb3Zmam9yZGNhbXBpbmcuZGtcL3dwLWNvbnRlbnRcL3VwbG9hZHNcLzIwMjFcLzA5XC8wMjNfMTA2N3g4MDAuanBnIiwic2xpZGVzaG93IjoiNjEyOGZjNTYifQ%3D%3D\" data-rel=\"-image-0\" data-rl_title=\"\" data-rl_caption=\"\" title=\"\">\n\t\t\t\t\t<div class=\"e-gallery-image elementor-gallery-item__image\" data-thumbnail=\"https:\/\/nakskovfjordcamping.dk\/wp-content\/uploads\/2021\/09\/023_1067x800.jpg\" data-width=\"1067\" data-height=\"800\" aria-label=\"\" role=\"img\" ><\/div>\n\t\t\t\t\t\t\t\t\t\t\t\t\t\t<\/a>\n\t\t\t\t\t\t\t<a class=\"e-gallery-item elementor-gallery-item elementor-animated-content\" href=\"https:\/\/nakskovfjordcamping.dk\/wp-content\/uploads\/2021\/09\/foto-1_1071x800.jpg\" data-elementor-open-lightbox=\"yes\" data-elementor-lightbox-slideshow=\"6128fc56\" data-e-action-hash=\"#elementor-action%3Aaction%3Dlightbox%26settings%3DeyJpZCI6OTg1NCwidXJsIjoiaHR0cHM6XC9cL25ha3Nrb3Zmam9yZGNhbXBpbmcuZGtcL3dwLWNvbnRlbnRcL3VwbG9hZHNcLzIwMjFcLzA5XC9mb3RvLTFfMTA3MXg4MDAuanBnIiwic2xpZGVzaG93IjoiNjEyOGZjNTYifQ%3D%3D\" data-rel=\"-image-1\" data-rl_title=\"\" data-rl_caption=\"\" title=\"\">\n\t\t\t\t\t<div class=\"e-gallery-image elementor-gallery-item__image\" data-thumbnail=\"https:\/\/nakskovfjordcamping.dk\/wp-content\/uploads\/2021\/09\/foto-1_1071x800.jpg\" data-width=\"1071\" data-height=\"800\" aria-label=\"Campinghytte til familiecamping\" role=\"img\" ><\/div>\n\t\t\t\t\t\t\t\t\t\t\t\t\t\t<\/a>\n\t\t\t\t\t\t\t<a class=\"e-gallery-item elementor-gallery-item elementor-animated-content\" href=\"https:\/\/nakskovfjordcamping.dk\/wp-content\/uploads\/2021\/09\/foto-2_1071x800.jpg\" data-elementor-open-lightbox=\"yes\" data-elementor-lightbox-slideshow=\"6128fc56\" data-e-action-hash=\"#elementor-action%3Aaction%3Dlightbox%26settings%3DeyJpZCI6MTAxMTgsInVybCI6Imh0dHBzOlwvXC9uYWtza292ZmpvcmRjYW1waW5nLmRrXC93cC1jb250ZW50XC91cGxvYWRzXC8yMDIxXC8wOVwvZm90by0yXzEwNzF4ODAwLmpwZyIsInNsaWRlc2hvdyI6IjYxMjhmYzU2In0%3D\" data-rel=\"-image-2\" data-rl_title=\"\" data-rl_caption=\"\" title=\"\">\n\t\t\t\t\t<div class=\"e-gallery-image elementor-gallery-item__image\" data-thumbnail=\"https:\/\/nakskovfjordcamping.dk\/wp-content\/uploads\/2021\/09\/foto-2_1071x800.jpg\" data-width=\"1071\" data-height=\"800\" aria-label=\"\" role=\"img\" ><\/div>\n\t\t\t\t\t\t\t\t\t\t\t\t\t\t<\/a>\n\t\t\t\t\t\t\t<a class=\"e-gallery-item elementor-gallery-item elementor-animated-content\" href=\"https:\/\/nakskovfjordcamping.dk\/wp-content\/uploads\/2021\/09\/img_0794_1071x800.jpg\" data-elementor-open-lightbox=\"yes\" data-elementor-lightbox-slideshow=\"6128fc56\" data-e-action-hash=\"#elementor-action%3Aaction%3Dlightbox%26settings%3DeyJpZCI6OTg2MCwidXJsIjoiaHR0cHM6XC9cL25ha3Nrb3Zmam9yZGNhbXBpbmcuZGtcL3dwLWNvbnRlbnRcL3VwbG9hZHNcLzIwMjFcLzA5XC9pbWdfMDc5NF8xMDcxeDgwMC5qcGciLCJzbGlkZXNob3ciOiI2MTI4ZmM1NiJ9\" data-rel=\"-image-3\" data-rl_title=\"\" data-rl_caption=\"\" title=\"\">\n\t\t\t\t\t<div class=\"e-gallery-image elementor-gallery-item__image\" data-thumbnail=\"https:\/\/nakskovfjordcamping.dk\/wp-content\/uploads\/2021\/09\/img_0794_1071x800.jpg\" data-width=\"1071\" data-height=\"800\" aria-label=\"\" role=\"img\" ><\/div>\n\t\t\t\t\t\t\t\t\t\t\t\t\t\t<\/a>\n\t\t\t\t\t<\/div>\n\t\t\t<\/div>\n\t\t\t\t<\/div>\n\t\t\t\t\t<\/div>\n\t\t\t\t<\/div>\n\t\t<div class=\"elementor-element elementor-element-25ee587d e-con-full e-flex e-con e-parent\" data-id=\"25ee587d\" data-element_type=\"container\">\n\t\t\t\t<div class=\"elementor-element elementor-element-5654e85 elementor-widget elementor-widget-shortcode\" data-id=\"5654e85\" data-element_type=\"widget\" data-widget_type=\"shortcode.default\">\n\t\t\t\t<div class=\"elementor-widget-container\">\n\t\t\t\t\t<div class=\"elementor-shortcode\">\t\t<div data-elementor-type=\"container\" data-elementor-id=\"11784\" class=\"elementor elementor-11784 elementor-9749\" data-elementor-post-type=\"elementor_library\">\n\t\t\t\t<div class=\"elementor-element elementor-element-34db1a0e light e-flex e-con-boxed e-con e-parent\" data-id=\"34db1a0e\" data-element_type=\"container\">\n\t\t\t\t\t<div class=\"e-con-inner\">\n\t\t<div class=\"elementor-element elementor-element-72d2e1d8 e-con-full e-flex e-con e-child\" data-id=\"72d2e1d8\" data-element_type=\"container\">\n\t\t\t\t<div class=\"elementor-element elementor-element-74083e18 elementor-widget elementor-widget-google_maps\" data-id=\"74083e18\" data-element_type=\"widget\" data-widget_type=\"google_maps.default\">\n\t\t\t\t<div class=\"elementor-widget-container\">\n\t\t\t\t\t<div class=\"elementor-custom-embed\">\n\t\t\t<iframe loading=\"lazy\"\n\t\t\t\t\tsrc=\"https:\/\/maps.google.com\/maps?q=nakskov%20fjord%20camping&#038;t=m&#038;z=10&#038;output=embed&#038;iwloc=near\"\n\t\t\t\t\ttitle=\"nakskov fjord camping\"\n\t\t\t\t\taria-label=\"nakskov fjord camping\"\n\t\t\t><\/iframe>\n\t\t<\/div>\n\t\t\t\t<\/div>\n\t\t\t\t<\/div>\n\t\t\t\t<\/div>\n\t\t<div class=\"elementor-element elementor-element-7a957146 e-con-full padding white e-flex e-con e-child\" data-id=\"7a957146\" data-element_type=\"container\" data-settings=\"{&quot;background_background&quot;:&quot;classic&quot;}\">\n\t\t<div class=\"elementor-element elementor-element-63c263ce e-con-full e-flex e-con e-child\" data-id=\"63c263ce\" data-element_type=\"container\">\n\t\t\t\t<div class=\"elementor-element elementor-element-24883790 elementor-widget elementor-widget-text-editor\" data-id=\"24883790\" data-element_type=\"widget\" data-widget_type=\"text-editor.default\">\n\t\t\t\t<div class=\"elementor-widget-container\">\n\t\t\t\t\t\t\t<h3 style=\"text-align: center;\" data-mce-style=\"text-align: center;\">Nakskov Fjord Camping liegt im Butterloch<\/h3>\n<p style=\"text-align: center;\" data-mce-style=\"text-align: center;\">T\u00e4uschen Sie sich nicht das Erlebnis der wundersch\u00f6nen Natur, des nahe gelegenen Fjords und der vielen Aktivit\u00e4ten, die Nakskov zu bieten hat.<\/p>\n\t\t\t\t\t\t<\/div>\n\t\t\t\t<\/div>\n\t\t\t\t<\/div>\n\t\t<div class=\"elementor-element elementor-element-2839d38 e-con-full e-flex e-con e-child\" data-id=\"2839d38\" data-element_type=\"container\">\n\t\t\t\t<div class=\"elementor-element elementor-element-064dc0b elementor-widget elementor-widget-button\" data-id=\"064dc0b\" data-element_type=\"widget\" data-widget_type=\"button.default\">\n\t\t\t\t<div class=\"elementor-widget-container\">\n\t\t\t\t\t\t\t<div class=\"elementor-button-wrapper\">\n\t\t\t\t\t<a class=\"elementor-button elementor-button-link elementor-size-sm\" href=\"https:\/\/v3.onlinebooking.dk\/V3HESTEHOV\" target=\"_blank\">\n\t\t\t\t\t\t<span class=\"elementor-button-content-wrapper\">\n\t\t\t\t\t\t\t\t\t<span class=\"elementor-button-text\">Hier Buchen<\/span>\n\t\t\t\t\t<\/span>\n\t\t\t\t\t<\/a>\n\t\t\t\t<\/div>\n\t\t\t\t\t\t<\/div>\n\t\t\t\t<\/div>\n\t\t\t\t<div class=\"elementor-element elementor-element-f14fafb elementor-widget elementor-widget-button\" data-id=\"f14fafb\" data-element_type=\"widget\" data-widget_type=\"button.default\">\n\t\t\t\t<div class=\"elementor-widget-container\">\n\t\t\t\t\t\t\t<div class=\"elementor-button-wrapper\">\n\t\t\t\t\t<a class=\"elementor-button elementor-button-link elementor-size-sm\" href=\"\/wp-content\/uploads\/2024\/08\/Brochure-08-2023-part-2.pdf\" target=\"_blank\">\n\t\t\t\t\t\t<span class=\"elementor-button-content-wrapper\">\n\t\t\t\t\t\t\t\t\t<span class=\"elementor-button-text\">Tischkarte<\/span>\n\t\t\t\t\t<\/span>\n\t\t\t\t\t<\/a>\n\t\t\t\t<\/div>\n\t\t\t\t\t\t<\/div>\n\t\t\t\t<\/div>\n\t\t\t\t<div class=\"elementor-element elementor-element-d7eb804 elementor-widget elementor-widget-button\" data-id=\"d7eb804\" data-element_type=\"widget\" data-widget_type=\"button.default\">\n\t\t\t\t<div class=\"elementor-widget-container\">\n\t\t\t\t\t\t\t<div class=\"elementor-button-wrapper\">\n\t\t\t\t\t<a class=\"elementor-button elementor-button-link elementor-size-sm\" href=\"https:\/\/nakskovfjordcamping.dk\/de\/kontakt-uns\/\">\n\t\t\t\t\t\t<span class=\"elementor-button-content-wrapper\">\n\t\t\t\t\t\t\t\t\t<span class=\"elementor-button-text\">Kontaktieren<\/span>\n\t\t\t\t\t<\/span>\n\t\t\t\t\t<\/a>\n\t\t\t\t<\/div>\n\t\t\t\t\t\t<\/div>\n\t\t\t\t<\/div>\n\t\t\t\t<\/div>\n\t\t\t\t<\/div>\n\t\t\t\t\t<\/div>\n\t\t\t\t<\/div>\n\t\t\t\t<\/div>\n\t\t<\/div>\n\t\t\t\t<\/div>\n\t\t\t\t<\/div>\n\t\t\t\t<\/div>\n\t\t\t\t<\/div>\n\t\t","protected":false},"excerpt":{"rendered":"<p>Gem\u00fctliche Familienh\u00fctten Wenn Sie lieber unter einem richtigen Dach \u00fcbernachten, k\u00f6nnen wir Ihnen mehrere gem\u00fctliche H\u00fctten mit 9 m\u00b2 und eine mit 15 m\u00b2 anbieten. In den H\u00fctten gibt es: Etagenbetten K\u00fchlschrank Wasserkocher K\u00fcchenzubeh\u00f6r zum Kochen in der Gemeinschaftsk\u00fcche Die H\u00fctten sind sehr gut f\u00fcr Einzel\u00fcbernachtungen und f\u00fcr gew\u00f6hnliche \u00dcbernachtungen geeignet. Familienh\u00fctten mit guter Ausstattung &#8230; <a title=\"Familienh\u00fctten\" class=\"read-more\" href=\"https:\/\/nakskovfjordcamping.dk\/de\/familienhuetten\/\" aria-label=\"Mehr Informationen \u00fcber Familienh\u00fctten\">Weiterlesen &#8230;<\/a><\/p>\n","protected":false},"author":1,"featured_media":0,"parent":0,"menu_order":11,"comment_status":"closed","ping_status":"open","template":"","meta":{"_acf_changed":false,"footnotes":""},"categories":[],"class_list":["post-11624","page","type-page","status-publish"],"acf":[],"yoast_head":"<!-- This site is optimized with the Yoast SEO plugin v26.8 - https:\/\/yoast.com\/product\/yoast-seo-wordpress\/ -->\n<title>Familienh\u00fctten | Nakskov Fjord Camping ApS<\/title>\n<meta name=\"robots\" content=\"index, follow, max-snippet:-1, max-image-preview:large, max-video-preview:-1\" \/>\n<link rel=\"canonical\" href=\"https:\/\/nakskovfjordcamping.dk\/familiehytter\/\" \/>\n<meta property=\"og:locale\" content=\"de_DE\" \/>\n<meta property=\"og:type\" content=\"article\" \/>\n<meta property=\"og:title\" content=\"Familienh\u00fctten | Nakskov Fjord Camping ApS\" \/>\n<meta property=\"og:description\" content=\"Gem\u00fctliche Familienh\u00fctten Wenn Sie lieber unter einem richtigen Dach \u00fcbernachten, k\u00f6nnen wir Ihnen mehrere gem\u00fctliche H\u00fctten mit 9 m\u00b2 und eine mit 15 m\u00b2 anbieten. In den H\u00fctten gibt es: Etagenbetten K\u00fchlschrank Wasserkocher K\u00fcchenzubeh\u00f6r zum Kochen in der Gemeinschaftsk\u00fcche Die H\u00fctten sind sehr gut f\u00fcr Einzel\u00fcbernachtungen und f\u00fcr gew\u00f6hnliche \u00dcbernachtungen geeignet. Familienh\u00fctten mit guter Ausstattung ... Weiterlesen ...\" \/>\n<meta property=\"og:url\" content=\"https:\/\/nakskovfjordcamping.dk\/familiehytter\/\" \/>\n<meta property=\"og:site_name\" content=\"Nakskov Fjord Camping ApS\" \/>\n<meta property=\"article:modified_time\" content=\"2025-02-21T12:27:31+00:00\" \/>\n<meta name=\"twitter:card\" content=\"summary_large_image\" \/>\n<meta name=\"twitter:label1\" content=\"Gesch\u00e4tzte Lesezeit\" \/>\n\t<meta name=\"twitter:data1\" content=\"1\u00a0Minute\" \/>\n<script type=\"application\/ld+json\" class=\"yoast-schema-graph\">{\"@context\":\"https:\/\/schema.org\",\"@graph\":[{\"@type\":\"WebPage\",\"@id\":\"https:\/\/nakskovfjordcamping.dk\/familiehytter\/\",\"url\":\"https:\/\/nakskovfjordcamping.dk\/familiehytter\/\",\"name\":\"Familienh\u00fctten | Nakskov Fjord Camping ApS\",\"isPartOf\":{\"@id\":\"https:\/\/ny.wktemplate.dk\/#website\"},\"datePublished\":\"2021-09-23T04:19:38+00:00\",\"dateModified\":\"2025-02-21T12:27:31+00:00\",\"breadcrumb\":{\"@id\":\"https:\/\/nakskovfjordcamping.dk\/familiehytter\/#breadcrumb\"},\"inLanguage\":\"de\",\"potentialAction\":[{\"@type\":\"ReadAction\",\"target\":[\"https:\/\/nakskovfjordcamping.dk\/familiehytter\/\"]}]},{\"@type\":\"BreadcrumbList\",\"@id\":\"https:\/\/nakskovfjordcamping.dk\/familiehytter\/#breadcrumb\",\"itemListElement\":[{\"@type\":\"ListItem\",\"position\":1,\"name\":\"Forside\",\"item\":\"https:\/\/nakskovfjordcamping.dk\/\"},{\"@type\":\"ListItem\",\"position\":2,\"name\":\"Familienh\u00fctten\"}]},{\"@type\":\"WebSite\",\"@id\":\"https:\/\/ny.wktemplate.dk\/#website\",\"url\":\"https:\/\/ny.wktemplate.dk\/\",\"name\":\"Nakskov Fjord Camping ApS\",\"description\":\"Camping p\u00e5 Lolland: Campingplads i Nakskov med dejlige campinghytter\",\"publisher\":{\"@id\":\"https:\/\/ny.wktemplate.dk\/#organization\"},\"potentialAction\":[{\"@type\":\"SearchAction\",\"target\":{\"@type\":\"EntryPoint\",\"urlTemplate\":\"https:\/\/ny.wktemplate.dk\/?s={search_term_string}\"},\"query-input\":{\"@type\":\"PropertyValueSpecification\",\"valueRequired\":true,\"valueName\":\"search_term_string\"}}],\"inLanguage\":\"de\"},{\"@type\":\"Organization\",\"@id\":\"https:\/\/ny.wktemplate.dk\/#organization\",\"name\":\"Nakskov Fjord Camping ApS\",\"url\":\"https:\/\/ny.wktemplate.dk\/\",\"logo\":{\"@type\":\"ImageObject\",\"inLanguage\":\"de\",\"@id\":\"https:\/\/ny.wktemplate.dk\/#\/schema\/logo\/image\/\",\"url\":\"https:\/\/nakskovfjordcamping.dk\/wp-content\/uploads\/2021\/09\/logo.png\",\"contentUrl\":\"https:\/\/nakskovfjordcamping.dk\/wp-content\/uploads\/2021\/09\/logo.png\",\"width\":309,\"height\":76,\"caption\":\"Nakskov Fjord Camping ApS\"},\"image\":{\"@id\":\"https:\/\/ny.wktemplate.dk\/#\/schema\/logo\/image\/\"}}]}<\/script>\n<!-- \/ Yoast SEO plugin. -->","yoast_head_json":{"title":"Familienh\u00fctten | Nakskov Fjord Camping ApS","robots":{"index":"index","follow":"follow","max-snippet":"max-snippet:-1","max-image-preview":"max-image-preview:large","max-video-preview":"max-video-preview:-1"},"canonical":"https:\/\/nakskovfjordcamping.dk\/familiehytter\/","og_locale":"de_DE","og_type":"article","og_title":"Familienh\u00fctten | Nakskov Fjord Camping ApS","og_description":"Gem\u00fctliche Familienh\u00fctten Wenn Sie lieber unter einem richtigen Dach \u00fcbernachten, k\u00f6nnen wir Ihnen mehrere gem\u00fctliche H\u00fctten mit 9 m\u00b2 und eine mit 15 m\u00b2 anbieten. In den H\u00fctten gibt es: Etagenbetten K\u00fchlschrank Wasserkocher K\u00fcchenzubeh\u00f6r zum Kochen in der Gemeinschaftsk\u00fcche Die H\u00fctten sind sehr gut f\u00fcr Einzel\u00fcbernachtungen und f\u00fcr gew\u00f6hnliche \u00dcbernachtungen geeignet. Familienh\u00fctten mit guter Ausstattung ... Weiterlesen ...","og_url":"https:\/\/nakskovfjordcamping.dk\/familiehytter\/","og_site_name":"Nakskov Fjord Camping ApS","article_modified_time":"2025-02-21T12:27:31+00:00","twitter_card":"summary_large_image","twitter_misc":{"Gesch\u00e4tzte Lesezeit":"1\u00a0Minute"},"schema":{"@context":"https:\/\/schema.org","@graph":[{"@type":"WebPage","@id":"https:\/\/nakskovfjordcamping.dk\/familiehytter\/","url":"https:\/\/nakskovfjordcamping.dk\/familiehytter\/","name":"Familienh\u00fctten | Nakskov Fjord Camping ApS","isPartOf":{"@id":"https:\/\/ny.wktemplate.dk\/#website"},"datePublished":"2021-09-23T04:19:38+00:00","dateModified":"2025-02-21T12:27:31+00:00","breadcrumb":{"@id":"https:\/\/nakskovfjordcamping.dk\/familiehytter\/#breadcrumb"},"inLanguage":"de","potentialAction":[{"@type":"ReadAction","target":["https:\/\/nakskovfjordcamping.dk\/familiehytter\/"]}]},{"@type":"BreadcrumbList","@id":"https:\/\/nakskovfjordcamping.dk\/familiehytter\/#breadcrumb","itemListElement":[{"@type":"ListItem","position":1,"name":"Forside","item":"https:\/\/nakskovfjordcamping.dk\/"},{"@type":"ListItem","position":2,"name":"Familienh\u00fctten"}]},{"@type":"WebSite","@id":"https:\/\/ny.wktemplate.dk\/#website","url":"https:\/\/ny.wktemplate.dk\/","name":"Nakskov Fjord Camping ApS","description":"Camping p\u00e5 Lolland: Campingplads i Nakskov med dejlige campinghytter","publisher":{"@id":"https:\/\/ny.wktemplate.dk\/#organization"},"potentialAction":[{"@type":"SearchAction","target":{"@type":"EntryPoint","urlTemplate":"https:\/\/ny.wktemplate.dk\/?s={search_term_string}"},"query-input":{"@type":"PropertyValueSpecification","valueRequired":true,"valueName":"search_term_string"}}],"inLanguage":"de"},{"@type":"Organization","@id":"https:\/\/ny.wktemplate.dk\/#organization","name":"Nakskov Fjord Camping ApS","url":"https:\/\/ny.wktemplate.dk\/","logo":{"@type":"ImageObject","inLanguage":"de","@id":"https:\/\/ny.wktemplate.dk\/#\/schema\/logo\/image\/","url":"https:\/\/nakskovfjordcamping.dk\/wp-content\/uploads\/2021\/09\/logo.png","contentUrl":"https:\/\/nakskovfjordcamping.dk\/wp-content\/uploads\/2021\/09\/logo.png","width":309,"height":76,"caption":"Nakskov Fjord Camping ApS"},"image":{"@id":"https:\/\/ny.wktemplate.dk\/#\/schema\/logo\/image\/"}}]}},"_links":{"self":[{"href":"https:\/\/nakskovfjordcamping.dk\/de\/wp-json\/wp\/v2\/pages\/11624","targetHints":{"allow":["GET"]}}],"collection":[{"href":"https:\/\/nakskovfjordcamping.dk\/de\/wp-json\/wp\/v2\/pages"}],"about":[{"href":"https:\/\/nakskovfjordcamping.dk\/de\/wp-json\/wp\/v2\/types\/page"}],"author":[{"embeddable":true,"href":"https:\/\/nakskovfjordcamping.dk\/de\/wp-json\/wp\/v2\/users\/1"}],"replies":[{"embeddable":true,"href":"https:\/\/nakskovfjordcamping.dk\/de\/wp-json\/wp\/v2\/comments?post=11624"}],"version-history":[{"count":1,"href":"https:\/\/nakskovfjordcamping.dk\/de\/wp-json\/wp\/v2\/pages\/11624\/revisions"}],"predecessor-version":[{"id":11625,"href":"https:\/\/nakskovfjordcamping.dk\/de\/wp-json\/wp\/v2\/pages\/11624\/revisions\/11625"}],"wp:attachment":[{"href":"https:\/\/nakskovfjordcamping.dk\/de\/wp-json\/wp\/v2\/media?parent=11624"}],"wp:term":[{"taxonomy":"category","embeddable":true,"href":"https:\/\/nakskovfjordcamping.dk\/de\/wp-json\/wp\/v2\/categories?post=11624"}],"curies":[{"name":"wp","href":"https:\/\/api.w.org\/{rel}","templated":true}]}}