{"id":11558,"date":"2021-09-23T06:19:38","date_gmt":"2021-09-23T04:19:38","guid":{"rendered":"https:\/\/nakskovfjordcamping.dk\/parkplatz\/"},"modified":"2025-02-24T08:10:42","modified_gmt":"2025-02-24T07:10:42","slug":"parkplatz","status":"publish","type":"page","link":"https:\/\/nakskovfjordcamping.dk\/de\/parkplatz\/","title":{"rendered":"Parkplatz"},"content":{"rendered":"\t\t<div data-elementor-type=\"wp-page\" data-elementor-id=\"11558\" class=\"elementor elementor-11558 elementor-9459\" data-elementor-post-type=\"page\">\n\t\t\t\t<div class=\"elementor-element elementor-element-5c13cb86 e-con-full no-padding e-flex e-con e-parent\" data-id=\"5c13cb86\" data-element_type=\"container\">\n\t\t\t\t<div class=\"elementor-element elementor-element-53aa4097 elementor-widget elementor-widget-template\" data-id=\"53aa4097\" data-element_type=\"widget\" data-widget_type=\"template.default\">\n\t\t\t\t<div class=\"elementor-widget-container\">\n\t\t\t\t\t<div class=\"elementor-template\">\n\t\t\t\t\t<div data-elementor-type=\"container\" data-elementor-id=\"6563\" class=\"elementor elementor-6563\" data-elementor-post-type=\"elementor_library\">\n\t\t\t\t<div class=\"elementor-element elementor-element-6b499f1f e-con-full no-padding e-flex e-con e-parent\" data-id=\"6b499f1f\" data-element_type=\"container\">\n\t\t\t\t<div class=\"elementor-element elementor-element-1ecbb66 elementor-widget elementor-widget-template\" data-id=\"1ecbb66\" data-element_type=\"widget\" data-widget_type=\"template.default\">\n\t\t\t\t<div class=\"elementor-widget-container\">\n\t\t\t\t\t<div class=\"elementor-template\">\n\t\t\t\t\t<div data-elementor-type=\"container\" data-elementor-id=\"6542\" class=\"elementor elementor-6542\" data-elementor-post-type=\"elementor_library\">\n\t\t\t\t<div class=\"elementor-element elementor-element-2bc4b5ab white e-flex e-con-boxed e-con e-parent\" data-id=\"2bc4b5ab\" data-element_type=\"container\" data-settings=\"{&quot;background_background&quot;:&quot;classic&quot;,&quot;shape_divider_bottom&quot;:&quot;curve-asymmetrical&quot;,&quot;shape_divider_bottom_negative&quot;:&quot;yes&quot;}\">\n\t\t\t\t\t<div class=\"e-con-inner\">\n\t\t\t\t<div class=\"elementor-shape elementor-shape-bottom\" data-negative=\"true\">\n\t\t\t<svg xmlns=\"http:\/\/www.w3.org\/2000\/svg\" viewBox=\"0 0 1000 100\" preserveAspectRatio=\"none\">\n\t<path class=\"elementor-shape-fill\" d=\"M615.2,96.7C240.2,97.8,0,18.9,0,0v100h1000V0C1000,19.2,989.8,96,615.2,96.7z\"\/>\n<\/svg>\t\t<\/div>\n\t\t\t\t<div class=\"elementor-element elementor-element-1d645c29 elementor-icon-list--layout-inline elementor-align-center elementor-list-item-link-full_width elementor-widget elementor-widget-icon-list\" data-id=\"1d645c29\" data-element_type=\"widget\" data-widget_type=\"icon-list.default\">\n\t\t\t\t<div class=\"elementor-widget-container\">\n\t\t\t\t\t<ul class=\"elementor-icon-list-items elementor-inline-items\">\n\t\t\t\t\t\t\t<li class=\"elementor-icon-list-item elementor-inline-item\">\n\t\t\t\t\t\t\t\t\t\t<span class=\"elementor-icon-list-text\"><a href=\"tel:+45 54 95 17 47\" aria-label=\"Telefon nummer\">+45 54 95 17 47<\/a><\/span>\n\t\t\t\t\t\t\t\t\t<\/li>\n\t\t\t\t\t\t\t\t<li class=\"elementor-icon-list-item elementor-inline-item\">\n\t\t\t\t\t\t\t\t\t\t<span class=\"elementor-icon-list-text\"><a href=\"mailto:info@nakskovfjordcamping.dk\" aria-label=\"Email adresse\">info@nakskovfjordcamping.dk<\/a><\/span>\n\t\t\t\t\t\t\t\t\t<\/li>\n\t\t\t\t\t\t<\/ul>\n\t\t\t\t<\/div>\n\t\t\t\t<\/div>\n\t\t\t\t\t<\/div>\n\t\t\t\t<\/div>\n\t\t\t\t<\/div>\n\t\t\t\t<\/div>\n\t\t\t\t<\/div>\n\t\t\t\t<\/div>\n\t\t\t\t<\/div>\n\t\t\t\t<\/div>\n\t\t\t\t<\/div>\n\t\t\t\t<\/div>\n\t\t\t\t<\/div>\n\t\t\t\t<\/div>\n\t\t<div class=\"elementor-element elementor-element-4bc3419d e-flex e-con-boxed e-con e-parent\" data-id=\"4bc3419d\" data-element_type=\"container\">\n\t\t\t\t\t<div class=\"e-con-inner\">\n\t\t<div class=\"elementor-element elementor-element-2a037d5e e-con-full e-flex elementor-invisible e-con e-child\" data-id=\"2a037d5e\" data-element_type=\"container\" data-settings=\"{&quot;animation&quot;:&quot;fadeInLeft&quot;}\">\n\t\t\t\t<div class=\"elementor-element elementor-element-7f5b88bd elementor-widget__width-initial elementor-widget-tablet__width-inherit elementor-widget elementor-widget-text-editor\" data-id=\"7f5b88bd\" data-element_type=\"widget\" data-widget_type=\"text-editor.default\">\n\t\t\t\t<div class=\"elementor-widget-container\">\n\t\t\t\t\t\t\t<h2>Stellplatz f\u00fcr Wohnmobile in fantastischer Umgebung<\/h2>\n<h3>Hier finden Sie den perfekten Stellplatz in Nakskov auf Lolland<\/h3>\n<p>Bei Nakskov Fjord Camping haben wir einen sch\u00f6nen Stellplatz, der Ihnen und Ihren Mitreisenden die M\u00f6glichkeit gibt, sich mit Ihrem Wohnmobil f\u00fcr einen k\u00fcrzeren Aufenthalt niederzulassen.<\/p>\n<p>Auch wenn der Aufenthalt kurz sein kann, k\u00f6nnen Sie unsere wunderbaren Einrichtungen und die wundersch\u00f6ne Umgebung trotzdem erleben, und wir bieten sowohl einen sp\u00e4ten Check-in als auch einen sp\u00e4ten Check-out an. Dadurch ist es m\u00f6glich, bei uns anzuhalten, unabh\u00e4ngig davon, ob die Reise zu anderen Orten in Lolland weitergeht oder ob die Reise nach Hause geht.<\/p>\n<p>Wenn Sie den Angebotspreis am Stellplatz nutzen m\u00f6chten, m\u00fcssen Sie Mitglied der Wohnmobilvereinigung sein.<\/p>\n\t\t\t\t\t\t<\/div>\n\t\t\t\t<\/div>\n\t\t\t\t<\/div>\n\t\t\t\t\t<\/div>\n\t\t\t\t<\/div>\n\t\t<div class=\"elementor-element elementor-element-158c5345 e-con-full no-padding light e-flex e-con e-parent\" data-id=\"158c5345\" data-element_type=\"container\">\n\t\t<div class=\"elementor-element elementor-element-543675c5 e-con-full e-flex elementor-invisible e-con e-child\" data-id=\"543675c5\" data-element_type=\"container\" data-settings=\"{&quot;background_background&quot;:&quot;classic&quot;,&quot;animation&quot;:&quot;fadeInLeft&quot;}\">\n\t\t\t\t<\/div>\n\t\t<div class=\"elementor-element elementor-element-7edd8acb e-con-full contained padding e-flex elementor-invisible e-con e-child\" data-id=\"7edd8acb\" data-element_type=\"container\" data-settings=\"{&quot;animation&quot;:&quot;fadeInRight&quot;}\">\n\t\t\t\t<div class=\"elementor-element elementor-element-4cbfe756 elementor-widget elementor-widget-text-editor\" data-id=\"4cbfe756\" data-element_type=\"widget\" data-widget_type=\"text-editor.default\">\n\t\t\t\t<div class=\"elementor-widget-container\">\n\t\t\t\t\t\t\t<h3>Ruhiger und sicherer Ort, an dem Ihre W\u00fcnsche im Vordergrund stehen<\/h3>\n<p>Ein Parkplatz ist die Bezeichnung f\u00fcr einen Ort, an dem alle Arten von Wohnmobilen parken und \u00fcbernachten k\u00f6nnen, und bei uns k\u00f6nnen auch Menschen mit Wohnmobilen campen, auch wenn es sich um einen Parkplatz handelt.<\/p>\n<p>Auf unserem Parkplatz besteht die M\u00f6glichkeit, Strom anzuschlie\u00dfen, Wasser aufzuf\u00fcllen und Abwasser zu entleeren, und er befindet sich auf der Innenseite unseres Abschirmmastes. Das sorgt f\u00fcr mehr Sicherheit und tr\u00e4gt dazu bei, dass sich die G\u00e4ste rundum entspannen k\u00f6nnen.<\/p>\n<p>Die W\u00fcnsche des Kunden stehen bei uns immer im Mittelpunkt und bei einem immer erstklassigen Serviceniveau ist es klar, dass wir immer versuchen werden, eine L\u00f6sung zu finden, wenn Camper im Wohnmobil vorbeikommen und eine Unterkunft brauchen.<\/p>\n\t\t\t\t\t\t<\/div>\n\t\t\t\t<\/div>\n\t\t\t\t<\/div>\n\t\t\t\t<\/div>\n\t\t<div class=\"elementor-element elementor-element-5f20abdc e-flex e-con-boxed e-con e-parent\" data-id=\"5f20abdc\" data-element_type=\"container\">\n\t\t\t\t\t<div class=\"e-con-inner\">\n\t\t\t\t<div class=\"elementor-element elementor-element-d2212c0 elementor-widget__width-initial elementor-widget elementor-widget-text-editor\" data-id=\"d2212c0\" data-element_type=\"widget\" data-widget_type=\"text-editor.default\">\n\t\t\t\t<div class=\"elementor-widget-container\">\n\t\t\t\t\t\t\t<h3 style=\"text-align: center;\">Rufen Sie uns noch heute an oder schreiben Sie uns<\/h3><p style=\"text-align: center;\">Sie k\u00f6nnen uns telefonisch <a href=\"tel:54951747\">(+45) 54 95 17 47 <\/a>oder per E-Mail an <a href=\"mailto:info@nakskovfjordcamping.dk\">info@nakskovfjordcamping.dk<\/a> kontaktieren Haben Sie Fragen an uns? stellplatz, w\u00fcrde gerne mehr \u00fcber Preise und Angebote oder alles andere \u00fcber unseren Campingplatz erfahren.<\/p><p style=\"text-align: center;\">Sie finden uns in der N\u00e4he von Nakskov auf Lolland Falster und mit guten Einrichtungen und der Umgebung von Strand, Hafen, Land und Stadt haben wir alles, was Sie brauchen.<\/p><p style=\"text-align: center;\">Wir bieten auch die Vermietung von <a href=\"\/de\/mobile-home\/\">Mobilheimen <\/a>an.<\/p>\t\t\t\t\t\t<\/div>\n\t\t\t\t<\/div>\n\t\t\t\t<div class=\"elementor-element elementor-element-bc23414 elementor-widget elementor-widget-gallery\" data-id=\"bc23414\" data-element_type=\"widget\" data-settings=\"{&quot;gap&quot;:{&quot;unit&quot;:&quot;px&quot;,&quot;size&quot;:30,&quot;sizes&quot;:[]},&quot;columns_tablet&quot;:3,&quot;columns_mobile&quot;:2,&quot;gap_tablet&quot;:{&quot;unit&quot;:&quot;px&quot;,&quot;size&quot;:15,&quot;sizes&quot;:[]},&quot;gap_mobile&quot;:{&quot;unit&quot;:&quot;px&quot;,&quot;size&quot;:15,&quot;sizes&quot;:[]},&quot;gallery_layout&quot;:&quot;masonry&quot;,&quot;columns&quot;:3,&quot;lazyload&quot;:&quot;yes&quot;,&quot;gap_laptop&quot;:{&quot;unit&quot;:&quot;px&quot;,&quot;size&quot;:10,&quot;sizes&quot;:[]},&quot;link_to&quot;:&quot;file&quot;,&quot;content_hover_animation&quot;:&quot;fade-in&quot;}\" data-widget_type=\"gallery.default\">\n\t\t\t\t<div class=\"elementor-widget-container\">\n\t\t\t\t\t<div class=\"elementor-gallery__container\">\n\t\t\t\t\t\t\t<a class=\"e-gallery-item elementor-gallery-item elementor-animated-content\" href=\"https:\/\/nakskovfjordcamping.dk\/wp-content\/uploads\/2025\/02\/dji_fly_20240730_162026_0104_1722349333097_photo-scaled.jpg\" data-elementor-open-lightbox=\"yes\" data-elementor-lightbox-slideshow=\"bc23414\" data-e-action-hash=\"#elementor-action%3Aaction%3Dlightbox%26settings%3DeyJpZCI6MTEwNjQsInVybCI6Imh0dHBzOlwvXC9uYWtza292ZmpvcmRjYW1waW5nLmRrXC93cC1jb250ZW50XC91cGxvYWRzXC8yMDI1XC8wMlwvZGppX2ZseV8yMDI0MDczMF8xNjIwMjZfMDEwNF8xNzIyMzQ5MzMzMDk3X3Bob3RvLXNjYWxlZC5qcGciLCJzbGlkZXNob3ciOiJiYzIzNDE0In0%3D\" data-rel=\"-image-0\" data-rl_title=\"\" data-rl_caption=\"\" title=\"\">\n\t\t\t\t\t<div class=\"e-gallery-image elementor-gallery-item__image\" data-thumbnail=\"https:\/\/nakskovfjordcamping.dk\/wp-content\/uploads\/2025\/02\/dji_fly_20240730_162026_0104_1722349333097_photo-scaled.jpg\" data-width=\"2048\" data-height=\"1152\" aria-label=\"Campinghytter ved nakskov fjord\" role=\"img\" ><\/div>\n\t\t\t\t\t\t\t\t\t\t\t\t\t\t<\/a>\n\t\t\t\t\t\t\t<a class=\"e-gallery-item elementor-gallery-item elementor-animated-content\" href=\"https:\/\/nakskovfjordcamping.dk\/wp-content\/uploads\/2025\/02\/dji_fly_20240730_161850_0101_1722349352957_photo-scaled.jpg\" data-elementor-open-lightbox=\"yes\" data-elementor-lightbox-slideshow=\"bc23414\" data-e-action-hash=\"#elementor-action%3Aaction%3Dlightbox%26settings%3DeyJpZCI6MTEwNjEsInVybCI6Imh0dHBzOlwvXC9uYWtza292ZmpvcmRjYW1waW5nLmRrXC93cC1jb250ZW50XC91cGxvYWRzXC8yMDI1XC8wMlwvZGppX2ZseV8yMDI0MDczMF8xNjE4NTBfMDEwMV8xNzIyMzQ5MzUyOTU3X3Bob3RvLXNjYWxlZC5qcGciLCJzbGlkZXNob3ciOiJiYzIzNDE0In0%3D\" data-rel=\"-image-1\" data-rl_title=\"\" data-rl_caption=\"\" title=\"\">\n\t\t\t\t\t<div class=\"e-gallery-image elementor-gallery-item__image\" data-thumbnail=\"https:\/\/nakskovfjordcamping.dk\/wp-content\/uploads\/2025\/02\/dji_fly_20240730_161850_0101_1722349352957_photo-scaled.jpg\" data-width=\"2048\" data-height=\"1152\" aria-label=\"Campingplads med campinghytter set fra oven\" role=\"img\" ><\/div>\n\t\t\t\t\t\t\t\t\t\t\t\t\t\t<\/a>\n\t\t\t\t\t\t\t<a class=\"e-gallery-item elementor-gallery-item elementor-animated-content\" href=\"https:\/\/nakskovfjordcamping.dk\/wp-content\/uploads\/2025\/02\/dji_fly_20240730_161718_0097_1722349353132_photo-scaled.jpg\" data-elementor-open-lightbox=\"yes\" data-elementor-lightbox-slideshow=\"bc23414\" data-e-action-hash=\"#elementor-action%3Aaction%3Dlightbox%26settings%3DeyJpZCI6MTEwNTgsInVybCI6Imh0dHBzOlwvXC9uYWtza292ZmpvcmRjYW1waW5nLmRrXC93cC1jb250ZW50XC91cGxvYWRzXC8yMDI1XC8wMlwvZGppX2ZseV8yMDI0MDczMF8xNjE3MThfMDA5N18xNzIyMzQ5MzUzMTMyX3Bob3RvLXNjYWxlZC5qcGciLCJzbGlkZXNob3ciOiJiYzIzNDE0In0%3D\" data-rel=\"-image-2\" data-rl_title=\"\" data-rl_caption=\"\" title=\"\">\n\t\t\t\t\t<div class=\"e-gallery-image elementor-gallery-item__image\" data-thumbnail=\"https:\/\/nakskovfjordcamping.dk\/wp-content\/uploads\/2025\/02\/dji_fly_20240730_161718_0097_1722349353132_photo-scaled.jpg\" data-width=\"2048\" data-height=\"1152\" aria-label=\"Campingplads med bed and breakfast muligheder\" role=\"img\" ><\/div>\n\t\t\t\t\t\t\t\t\t\t\t\t\t\t<\/a>\n\t\t\t\t\t<\/div>\n\t\t\t<\/div>\n\t\t\t\t<\/div>\n\t\t\t\t\t<\/div>\n\t\t\t\t<\/div>\n\t\t<div class=\"elementor-element elementor-element-fbb015b e-con-full e-flex e-con e-parent\" data-id=\"fbb015b\" data-element_type=\"container\">\n\t\t\t\t<div class=\"elementor-element elementor-element-24f9e993 elementor-widget elementor-widget-shortcode\" data-id=\"24f9e993\" data-element_type=\"widget\" data-widget_type=\"shortcode.default\">\n\t\t\t\t<div class=\"elementor-widget-container\">\n\t\t\t\t\t<div class=\"elementor-shortcode\">\t\t<div data-elementor-type=\"container\" data-elementor-id=\"11784\" class=\"elementor elementor-11784 elementor-9749\" data-elementor-post-type=\"elementor_library\">\n\t\t\t\t<div class=\"elementor-element elementor-element-34db1a0e light e-flex e-con-boxed e-con e-parent\" data-id=\"34db1a0e\" data-element_type=\"container\">\n\t\t\t\t\t<div class=\"e-con-inner\">\n\t\t<div class=\"elementor-element elementor-element-72d2e1d8 e-con-full e-flex e-con e-child\" data-id=\"72d2e1d8\" data-element_type=\"container\">\n\t\t\t\t<div class=\"elementor-element elementor-element-74083e18 elementor-widget elementor-widget-google_maps\" data-id=\"74083e18\" data-element_type=\"widget\" data-widget_type=\"google_maps.default\">\n\t\t\t\t<div class=\"elementor-widget-container\">\n\t\t\t\t\t<div class=\"elementor-custom-embed\">\n\t\t\t<iframe loading=\"lazy\"\n\t\t\t\t\tsrc=\"https:\/\/maps.google.com\/maps?q=nakskov%20fjord%20camping&#038;t=m&#038;z=10&#038;output=embed&#038;iwloc=near\"\n\t\t\t\t\ttitle=\"nakskov fjord camping\"\n\t\t\t\t\taria-label=\"nakskov fjord camping\"\n\t\t\t><\/iframe>\n\t\t<\/div>\n\t\t\t\t<\/div>\n\t\t\t\t<\/div>\n\t\t\t\t<\/div>\n\t\t<div class=\"elementor-element elementor-element-7a957146 e-con-full padding white e-flex e-con e-child\" data-id=\"7a957146\" data-element_type=\"container\" data-settings=\"{&quot;background_background&quot;:&quot;classic&quot;}\">\n\t\t<div class=\"elementor-element elementor-element-63c263ce e-con-full e-flex e-con e-child\" data-id=\"63c263ce\" data-element_type=\"container\">\n\t\t\t\t<div class=\"elementor-element elementor-element-24883790 elementor-widget elementor-widget-text-editor\" data-id=\"24883790\" data-element_type=\"widget\" data-widget_type=\"text-editor.default\">\n\t\t\t\t<div class=\"elementor-widget-container\">\n\t\t\t\t\t\t\t<h3 style=\"text-align: center;\" data-mce-style=\"text-align: center;\">Nakskov Fjord Camping liegt im Butterloch<\/h3>\n<p style=\"text-align: center;\" data-mce-style=\"text-align: center;\">T\u00e4uschen Sie sich nicht das Erlebnis der wundersch\u00f6nen Natur, des nahe gelegenen Fjords und der vielen Aktivit\u00e4ten, die Nakskov zu bieten hat.<\/p>\n\t\t\t\t\t\t<\/div>\n\t\t\t\t<\/div>\n\t\t\t\t<\/div>\n\t\t<div class=\"elementor-element elementor-element-2839d38 e-con-full e-flex e-con e-child\" data-id=\"2839d38\" data-element_type=\"container\">\n\t\t\t\t<div class=\"elementor-element elementor-element-064dc0b elementor-widget elementor-widget-button\" data-id=\"064dc0b\" data-element_type=\"widget\" data-widget_type=\"button.default\">\n\t\t\t\t<div class=\"elementor-widget-container\">\n\t\t\t\t\t\t\t<div class=\"elementor-button-wrapper\">\n\t\t\t\t\t<a class=\"elementor-button elementor-button-link elementor-size-sm\" href=\"https:\/\/v3.onlinebooking.dk\/V3HESTEHOV\" target=\"_blank\">\n\t\t\t\t\t\t<span class=\"elementor-button-content-wrapper\">\n\t\t\t\t\t\t\t\t\t<span class=\"elementor-button-text\">Hier Buchen<\/span>\n\t\t\t\t\t<\/span>\n\t\t\t\t\t<\/a>\n\t\t\t\t<\/div>\n\t\t\t\t\t\t<\/div>\n\t\t\t\t<\/div>\n\t\t\t\t<div class=\"elementor-element elementor-element-f14fafb elementor-widget elementor-widget-button\" data-id=\"f14fafb\" data-element_type=\"widget\" data-widget_type=\"button.default\">\n\t\t\t\t<div class=\"elementor-widget-container\">\n\t\t\t\t\t\t\t<div class=\"elementor-button-wrapper\">\n\t\t\t\t\t<a class=\"elementor-button elementor-button-link elementor-size-sm\" href=\"\/wp-content\/uploads\/2024\/08\/Brochure-08-2023-part-2.pdf\" target=\"_blank\">\n\t\t\t\t\t\t<span class=\"elementor-button-content-wrapper\">\n\t\t\t\t\t\t\t\t\t<span class=\"elementor-button-text\">Tischkarte<\/span>\n\t\t\t\t\t<\/span>\n\t\t\t\t\t<\/a>\n\t\t\t\t<\/div>\n\t\t\t\t\t\t<\/div>\n\t\t\t\t<\/div>\n\t\t\t\t<div class=\"elementor-element elementor-element-d7eb804 elementor-widget elementor-widget-button\" data-id=\"d7eb804\" data-element_type=\"widget\" data-widget_type=\"button.default\">\n\t\t\t\t<div class=\"elementor-widget-container\">\n\t\t\t\t\t\t\t<div class=\"elementor-button-wrapper\">\n\t\t\t\t\t<a class=\"elementor-button elementor-button-link elementor-size-sm\" href=\"https:\/\/nakskovfjordcamping.dk\/de\/kontakt-uns\/\">\n\t\t\t\t\t\t<span class=\"elementor-button-content-wrapper\">\n\t\t\t\t\t\t\t\t\t<span class=\"elementor-button-text\">Kontaktieren<\/span>\n\t\t\t\t\t<\/span>\n\t\t\t\t\t<\/a>\n\t\t\t\t<\/div>\n\t\t\t\t\t\t<\/div>\n\t\t\t\t<\/div>\n\t\t\t\t<\/div>\n\t\t\t\t<\/div>\n\t\t\t\t\t<\/div>\n\t\t\t\t<\/div>\n\t\t\t\t<\/div>\n\t\t<\/div>\n\t\t\t\t<\/div>\n\t\t\t\t<\/div>\n\t\t\t\t<\/div>\n\t\t\t\t<\/div>\n\t\t","protected":false},"excerpt":{"rendered":"<p>Stellplatz f\u00fcr Wohnmobile in fantastischer Umgebung Hier finden Sie den perfekten Stellplatz in Nakskov auf Lolland Bei Nakskov Fjord Camping haben wir einen sch\u00f6nen Stellplatz, der Ihnen und Ihren Mitreisenden die M\u00f6glichkeit gibt, sich mit Ihrem Wohnmobil f\u00fcr einen k\u00fcrzeren Aufenthalt niederzulassen. Auch wenn der Aufenthalt kurz sein kann, k\u00f6nnen Sie unsere wunderbaren Einrichtungen und &#8230; <a title=\"Parkplatz\" class=\"read-more\" href=\"https:\/\/nakskovfjordcamping.dk\/de\/parkplatz\/\" aria-label=\"Mehr Informationen \u00fcber Parkplatz\">Weiterlesen &#8230;<\/a><\/p>\n","protected":false},"author":1,"featured_media":0,"parent":0,"menu_order":4,"comment_status":"closed","ping_status":"open","template":"","meta":{"_acf_changed":false,"footnotes":""},"categories":[25],"class_list":{"0":"post-11558","1":"page","2":"type-page","3":"status-publish","5":"category-ydelser"},"acf":[],"yoast_head":"<!-- This site is optimized with the Yoast SEO plugin v26.8 - https:\/\/yoast.com\/product\/yoast-seo-wordpress\/ -->\n<title>Parkplatz | Nakskov Fjord Camping ApS<\/title>\n<meta name=\"robots\" content=\"index, follow, max-snippet:-1, max-image-preview:large, max-video-preview:-1\" \/>\n<link rel=\"canonical\" href=\"https:\/\/nakskovfjordcamping.dk\/stellplatz\/\" \/>\n<meta property=\"og:locale\" content=\"de_DE\" \/>\n<meta property=\"og:type\" content=\"article\" \/>\n<meta property=\"og:title\" content=\"Parkplatz | Nakskov Fjord Camping ApS\" \/>\n<meta property=\"og:description\" content=\"Stellplatz f\u00fcr Wohnmobile in fantastischer Umgebung Hier finden Sie den perfekten Stellplatz in Nakskov auf Lolland Bei Nakskov Fjord Camping haben wir einen sch\u00f6nen Stellplatz, der Ihnen und Ihren Mitreisenden die M\u00f6glichkeit gibt, sich mit Ihrem Wohnmobil f\u00fcr einen k\u00fcrzeren Aufenthalt niederzulassen. Auch wenn der Aufenthalt kurz sein kann, k\u00f6nnen Sie unsere wunderbaren Einrichtungen und ... Weiterlesen ...\" \/>\n<meta property=\"og:url\" content=\"https:\/\/nakskovfjordcamping.dk\/stellplatz\/\" \/>\n<meta property=\"og:site_name\" content=\"Nakskov Fjord Camping ApS\" \/>\n<meta property=\"article:modified_time\" content=\"2025-02-24T07:10:42+00:00\" \/>\n<meta name=\"twitter:card\" content=\"summary_large_image\" \/>\n<meta name=\"twitter:label1\" content=\"Gesch\u00e4tzte Lesezeit\" \/>\n\t<meta name=\"twitter:data1\" content=\"2\u00a0Minuten\" \/>\n<script type=\"application\/ld+json\" class=\"yoast-schema-graph\">{\"@context\":\"https:\/\/schema.org\",\"@graph\":[{\"@type\":\"WebPage\",\"@id\":\"https:\/\/nakskovfjordcamping.dk\/stellplatz\/\",\"url\":\"https:\/\/nakskovfjordcamping.dk\/stellplatz\/\",\"name\":\"Parkplatz | Nakskov Fjord Camping ApS\",\"isPartOf\":{\"@id\":\"https:\/\/ny.wktemplate.dk\/#website\"},\"datePublished\":\"2021-09-23T04:19:38+00:00\",\"dateModified\":\"2025-02-24T07:10:42+00:00\",\"breadcrumb\":{\"@id\":\"https:\/\/nakskovfjordcamping.dk\/stellplatz\/#breadcrumb\"},\"inLanguage\":\"de\",\"potentialAction\":[{\"@type\":\"ReadAction\",\"target\":[\"https:\/\/nakskovfjordcamping.dk\/stellplatz\/\"]}]},{\"@type\":\"BreadcrumbList\",\"@id\":\"https:\/\/nakskovfjordcamping.dk\/stellplatz\/#breadcrumb\",\"itemListElement\":[{\"@type\":\"ListItem\",\"position\":1,\"name\":\"Forside\",\"item\":\"https:\/\/nakskovfjordcamping.dk\/\"},{\"@type\":\"ListItem\",\"position\":2,\"name\":\"Parkplatz\"}]},{\"@type\":\"WebSite\",\"@id\":\"https:\/\/ny.wktemplate.dk\/#website\",\"url\":\"https:\/\/ny.wktemplate.dk\/\",\"name\":\"Nakskov Fjord Camping ApS\",\"description\":\"Camping p\u00e5 Lolland: Campingplads i Nakskov med dejlige campinghytter\",\"publisher\":{\"@id\":\"https:\/\/ny.wktemplate.dk\/#organization\"},\"potentialAction\":[{\"@type\":\"SearchAction\",\"target\":{\"@type\":\"EntryPoint\",\"urlTemplate\":\"https:\/\/ny.wktemplate.dk\/?s={search_term_string}\"},\"query-input\":{\"@type\":\"PropertyValueSpecification\",\"valueRequired\":true,\"valueName\":\"search_term_string\"}}],\"inLanguage\":\"de\"},{\"@type\":\"Organization\",\"@id\":\"https:\/\/ny.wktemplate.dk\/#organization\",\"name\":\"Nakskov Fjord Camping ApS\",\"url\":\"https:\/\/ny.wktemplate.dk\/\",\"logo\":{\"@type\":\"ImageObject\",\"inLanguage\":\"de\",\"@id\":\"https:\/\/ny.wktemplate.dk\/#\/schema\/logo\/image\/\",\"url\":\"https:\/\/nakskovfjordcamping.dk\/wp-content\/uploads\/2021\/09\/logo.png\",\"contentUrl\":\"https:\/\/nakskovfjordcamping.dk\/wp-content\/uploads\/2021\/09\/logo.png\",\"width\":309,\"height\":76,\"caption\":\"Nakskov Fjord Camping ApS\"},\"image\":{\"@id\":\"https:\/\/ny.wktemplate.dk\/#\/schema\/logo\/image\/\"}}]}<\/script>\n<!-- \/ Yoast SEO plugin. -->","yoast_head_json":{"title":"Parkplatz | Nakskov Fjord Camping ApS","robots":{"index":"index","follow":"follow","max-snippet":"max-snippet:-1","max-image-preview":"max-image-preview:large","max-video-preview":"max-video-preview:-1"},"canonical":"https:\/\/nakskovfjordcamping.dk\/stellplatz\/","og_locale":"de_DE","og_type":"article","og_title":"Parkplatz | Nakskov Fjord Camping ApS","og_description":"Stellplatz f\u00fcr Wohnmobile in fantastischer Umgebung Hier finden Sie den perfekten Stellplatz in Nakskov auf Lolland Bei Nakskov Fjord Camping haben wir einen sch\u00f6nen Stellplatz, der Ihnen und Ihren Mitreisenden die M\u00f6glichkeit gibt, sich mit Ihrem Wohnmobil f\u00fcr einen k\u00fcrzeren Aufenthalt niederzulassen. Auch wenn der Aufenthalt kurz sein kann, k\u00f6nnen Sie unsere wunderbaren Einrichtungen und ... Weiterlesen ...","og_url":"https:\/\/nakskovfjordcamping.dk\/stellplatz\/","og_site_name":"Nakskov Fjord Camping ApS","article_modified_time":"2025-02-24T07:10:42+00:00","twitter_card":"summary_large_image","twitter_misc":{"Gesch\u00e4tzte Lesezeit":"2\u00a0Minuten"},"schema":{"@context":"https:\/\/schema.org","@graph":[{"@type":"WebPage","@id":"https:\/\/nakskovfjordcamping.dk\/stellplatz\/","url":"https:\/\/nakskovfjordcamping.dk\/stellplatz\/","name":"Parkplatz | Nakskov Fjord Camping ApS","isPartOf":{"@id":"https:\/\/ny.wktemplate.dk\/#website"},"datePublished":"2021-09-23T04:19:38+00:00","dateModified":"2025-02-24T07:10:42+00:00","breadcrumb":{"@id":"https:\/\/nakskovfjordcamping.dk\/stellplatz\/#breadcrumb"},"inLanguage":"de","potentialAction":[{"@type":"ReadAction","target":["https:\/\/nakskovfjordcamping.dk\/stellplatz\/"]}]},{"@type":"BreadcrumbList","@id":"https:\/\/nakskovfjordcamping.dk\/stellplatz\/#breadcrumb","itemListElement":[{"@type":"ListItem","position":1,"name":"Forside","item":"https:\/\/nakskovfjordcamping.dk\/"},{"@type":"ListItem","position":2,"name":"Parkplatz"}]},{"@type":"WebSite","@id":"https:\/\/ny.wktemplate.dk\/#website","url":"https:\/\/ny.wktemplate.dk\/","name":"Nakskov Fjord Camping ApS","description":"Camping p\u00e5 Lolland: Campingplads i Nakskov med dejlige campinghytter","publisher":{"@id":"https:\/\/ny.wktemplate.dk\/#organization"},"potentialAction":[{"@type":"SearchAction","target":{"@type":"EntryPoint","urlTemplate":"https:\/\/ny.wktemplate.dk\/?s={search_term_string}"},"query-input":{"@type":"PropertyValueSpecification","valueRequired":true,"valueName":"search_term_string"}}],"inLanguage":"de"},{"@type":"Organization","@id":"https:\/\/ny.wktemplate.dk\/#organization","name":"Nakskov Fjord Camping ApS","url":"https:\/\/ny.wktemplate.dk\/","logo":{"@type":"ImageObject","inLanguage":"de","@id":"https:\/\/ny.wktemplate.dk\/#\/schema\/logo\/image\/","url":"https:\/\/nakskovfjordcamping.dk\/wp-content\/uploads\/2021\/09\/logo.png","contentUrl":"https:\/\/nakskovfjordcamping.dk\/wp-content\/uploads\/2021\/09\/logo.png","width":309,"height":76,"caption":"Nakskov Fjord Camping ApS"},"image":{"@id":"https:\/\/ny.wktemplate.dk\/#\/schema\/logo\/image\/"}}]}},"_links":{"self":[{"href":"https:\/\/nakskovfjordcamping.dk\/de\/wp-json\/wp\/v2\/pages\/11558","targetHints":{"allow":["GET"]}}],"collection":[{"href":"https:\/\/nakskovfjordcamping.dk\/de\/wp-json\/wp\/v2\/pages"}],"about":[{"href":"https:\/\/nakskovfjordcamping.dk\/de\/wp-json\/wp\/v2\/types\/page"}],"author":[{"embeddable":true,"href":"https:\/\/nakskovfjordcamping.dk\/de\/wp-json\/wp\/v2\/users\/1"}],"replies":[{"embeddable":true,"href":"https:\/\/nakskovfjordcamping.dk\/de\/wp-json\/wp\/v2\/comments?post=11558"}],"version-history":[{"count":4,"href":"https:\/\/nakskovfjordcamping.dk\/de\/wp-json\/wp\/v2\/pages\/11558\/revisions"}],"predecessor-version":[{"id":11756,"href":"https:\/\/nakskovfjordcamping.dk\/de\/wp-json\/wp\/v2\/pages\/11558\/revisions\/11756"}],"wp:attachment":[{"href":"https:\/\/nakskovfjordcamping.dk\/de\/wp-json\/wp\/v2\/media?parent=11558"}],"wp:term":[{"taxonomy":"category","embeddable":true,"href":"https:\/\/nakskovfjordcamping.dk\/de\/wp-json\/wp\/v2\/categories?post=11558"}],"curies":[{"name":"wp","href":"https:\/\/api.w.org\/{rel}","templated":true}]}}