{"id":11554,"date":"2021-09-23T06:19:38","date_gmt":"2021-09-23T04:19:38","guid":{"rendered":"https:\/\/nakskovfjordcamping.dk\/fuer-wohnmobile\/"},"modified":"2025-02-21T11:04:28","modified_gmt":"2025-02-21T10:04:28","slug":"fuer-wohnmobile","status":"publish","type":"page","link":"https:\/\/nakskovfjordcamping.dk\/de\/fuer-wohnmobile\/","title":{"rendered":"F\u00fcr Wohnmobile"},"content":{"rendered":"\t\t<div data-elementor-type=\"wp-page\" data-elementor-id=\"11554\" class=\"elementor elementor-11554 elementor-9457\" data-elementor-post-type=\"page\">\n\t\t\t\t<div class=\"elementor-element elementor-element-520fbc15 e-con-full no-padding e-flex e-con e-parent\" data-id=\"520fbc15\" data-element_type=\"container\">\n\t\t\t\t<div class=\"elementor-element elementor-element-2d0e0f6c elementor-widget elementor-widget-template\" data-id=\"2d0e0f6c\" data-element_type=\"widget\" data-widget_type=\"template.default\">\n\t\t\t\t<div class=\"elementor-widget-container\">\n\t\t\t\t\t<div class=\"elementor-template\">\n\t\t\t\t\t<div data-elementor-type=\"container\" data-elementor-id=\"6563\" class=\"elementor elementor-6563\" data-elementor-post-type=\"elementor_library\">\n\t\t\t\t<div class=\"elementor-element elementor-element-6b499f1f e-con-full no-padding e-flex e-con e-parent\" data-id=\"6b499f1f\" data-element_type=\"container\">\n\t\t\t\t<div class=\"elementor-element elementor-element-1ecbb66 elementor-widget elementor-widget-template\" data-id=\"1ecbb66\" data-element_type=\"widget\" data-widget_type=\"template.default\">\n\t\t\t\t<div class=\"elementor-widget-container\">\n\t\t\t\t\t<div class=\"elementor-template\">\n\t\t\t\t\t<div data-elementor-type=\"container\" data-elementor-id=\"6542\" class=\"elementor elementor-6542\" data-elementor-post-type=\"elementor_library\">\n\t\t\t\t<div class=\"elementor-element elementor-element-2bc4b5ab white e-flex e-con-boxed e-con e-parent\" data-id=\"2bc4b5ab\" data-element_type=\"container\" data-settings=\"{&quot;background_background&quot;:&quot;classic&quot;,&quot;shape_divider_bottom&quot;:&quot;curve-asymmetrical&quot;,&quot;shape_divider_bottom_negative&quot;:&quot;yes&quot;}\">\n\t\t\t\t\t<div class=\"e-con-inner\">\n\t\t\t\t<div class=\"elementor-shape elementor-shape-bottom\" data-negative=\"true\">\n\t\t\t<svg xmlns=\"http:\/\/www.w3.org\/2000\/svg\" viewBox=\"0 0 1000 100\" preserveAspectRatio=\"none\">\n\t<path class=\"elementor-shape-fill\" d=\"M615.2,96.7C240.2,97.8,0,18.9,0,0v100h1000V0C1000,19.2,989.8,96,615.2,96.7z\"\/>\n<\/svg>\t\t<\/div>\n\t\t\t\t<div class=\"elementor-element elementor-element-1d645c29 elementor-icon-list--layout-inline elementor-align-center elementor-list-item-link-full_width elementor-widget elementor-widget-icon-list\" data-id=\"1d645c29\" data-element_type=\"widget\" data-widget_type=\"icon-list.default\">\n\t\t\t\t<div class=\"elementor-widget-container\">\n\t\t\t\t\t<ul class=\"elementor-icon-list-items elementor-inline-items\">\n\t\t\t\t\t\t\t<li class=\"elementor-icon-list-item elementor-inline-item\">\n\t\t\t\t\t\t\t\t\t\t<span class=\"elementor-icon-list-text\"><a href=\"tel:+45 54 95 17 47\" aria-label=\"Telefon nummer\">+45 54 95 17 47<\/a><\/span>\n\t\t\t\t\t\t\t\t\t<\/li>\n\t\t\t\t\t\t\t\t<li class=\"elementor-icon-list-item elementor-inline-item\">\n\t\t\t\t\t\t\t\t\t\t<span class=\"elementor-icon-list-text\"><a href=\"mailto:info@nakskovfjordcamping.dk\" aria-label=\"Email adresse\">info@nakskovfjordcamping.dk<\/a><\/span>\n\t\t\t\t\t\t\t\t\t<\/li>\n\t\t\t\t\t\t<\/ul>\n\t\t\t\t<\/div>\n\t\t\t\t<\/div>\n\t\t\t\t\t<\/div>\n\t\t\t\t<\/div>\n\t\t\t\t<\/div>\n\t\t\t\t<\/div>\n\t\t\t\t<\/div>\n\t\t\t\t<\/div>\n\t\t\t\t<\/div>\n\t\t\t\t<\/div>\n\t\t\t\t<\/div>\n\t\t\t\t<\/div>\n\t\t\t\t<\/div>\n\t\t\t\t<\/div>\n\t\t<div class=\"elementor-element elementor-element-f225d91 e-flex e-con-boxed e-con e-parent\" data-id=\"f225d91\" data-element_type=\"container\">\n\t\t\t\t\t<div class=\"e-con-inner\">\n\t\t<div class=\"elementor-element elementor-element-18c11804 e-con-full e-flex elementor-invisible e-con e-child\" data-id=\"18c11804\" data-element_type=\"container\" data-settings=\"{&quot;animation&quot;:&quot;fadeInLeft&quot;}\">\n\t\t\t\t<div class=\"elementor-element elementor-element-7ceb90a elementor-widget__width-initial elementor-widget-tablet__width-inherit elementor-widget elementor-widget-text-editor\" data-id=\"7ceb90a\" data-element_type=\"widget\" data-widget_type=\"text-editor.default\">\n\t\t\t\t<div class=\"elementor-widget-container\">\n\t\t\t\t\t\t\t<h2>Ruhiger Platz f\u00fcr Wohnmobile<\/h2>\n<p>Wir k\u00f6nnen mit verschiedenen sicheren Bedingungen f\u00fcr Wohnmobile innerhalb der Schranke bieten Einrichtungen, mit der M\u00f6glichkeit einer versp\u00e4teten An- und Abreise. Eine versp\u00e4tete Anreise ist mit der Rezeption abzusprechen, die Abreise sp\u00e4testens 12.00 Uhr.<\/p>\n<p>Ruhiger Ort, direkt am Yachthafen, sch\u00f6ner Sandstrand, Restaurant und fu\u00dfl\u00e4ufig zum Stadtzentrum von Nakskov.<\/p>\n<p>Viel Natur und viele Ausflugsziele, viele Fahrradm\u00f6glichkeiten, wenn Sie nicht nur die ruhige Umgebung am Platz genie\u00dfen m\u00f6chten.<\/p>\n<p>Bei uns steht der Gast immer im Mittelpunkt. Lesen Sie unter anderem \u00fcber unseren Stellplatz.<\/p>\n\t\t\t\t\t\t<\/div>\n\t\t\t\t<\/div>\n\t\t\t\t<\/div>\n\t\t<div class=\"elementor-element elementor-element-68c3b81e e-con-full e-flex elementor-invisible e-con e-child\" data-id=\"68c3b81e\" data-element_type=\"container\" data-settings=\"{&quot;animation&quot;:&quot;fadeInRight&quot;,&quot;background_background&quot;:&quot;classic&quot;}\">\n\t\t\t\t<\/div>\n\t\t\t\t\t<\/div>\n\t\t\t\t<\/div>\n\t\t<div class=\"elementor-element elementor-element-1bfbdb0e e-flex e-con-boxed e-con e-parent\" data-id=\"1bfbdb0e\" data-element_type=\"container\">\n\t\t\t\t\t<div class=\"e-con-inner\">\n\t\t\t\t<div class=\"elementor-element elementor-element-3134585e elementor-widget elementor-widget-gallery\" data-id=\"3134585e\" data-element_type=\"widget\" data-settings=\"{&quot;gap&quot;:{&quot;unit&quot;:&quot;px&quot;,&quot;size&quot;:30,&quot;sizes&quot;:[]},&quot;columns_tablet&quot;:3,&quot;columns_mobile&quot;:2,&quot;gap_tablet&quot;:{&quot;unit&quot;:&quot;px&quot;,&quot;size&quot;:15,&quot;sizes&quot;:[]},&quot;gap_mobile&quot;:{&quot;unit&quot;:&quot;px&quot;,&quot;size&quot;:15,&quot;sizes&quot;:[]},&quot;gallery_layout&quot;:&quot;masonry&quot;,&quot;columns&quot;:3,&quot;lazyload&quot;:&quot;yes&quot;,&quot;gap_laptop&quot;:{&quot;unit&quot;:&quot;px&quot;,&quot;size&quot;:10,&quot;sizes&quot;:[]},&quot;link_to&quot;:&quot;file&quot;,&quot;content_hover_animation&quot;:&quot;fade-in&quot;}\" data-widget_type=\"gallery.default\">\n\t\t\t\t<div class=\"elementor-widget-container\">\n\t\t\t\t\t<div class=\"elementor-gallery__container\">\n\t\t\t\t\t\t\t<a class=\"e-gallery-item elementor-gallery-item elementor-animated-content\" href=\"https:\/\/nakskovfjordcamping.dk\/wp-content\/uploads\/2025\/02\/dji_fly_20240730_161718_0097_1722349353132_photo-scaled.jpg\" data-elementor-open-lightbox=\"yes\" data-elementor-lightbox-slideshow=\"3134585e\" data-e-action-hash=\"#elementor-action%3Aaction%3Dlightbox%26settings%3DeyJpZCI6MTEwNTgsInVybCI6Imh0dHBzOlwvXC9uYWtza292ZmpvcmRjYW1waW5nLmRrXC93cC1jb250ZW50XC91cGxvYWRzXC8yMDI1XC8wMlwvZGppX2ZseV8yMDI0MDczMF8xNjE3MThfMDA5N18xNzIyMzQ5MzUzMTMyX3Bob3RvLXNjYWxlZC5qcGciLCJzbGlkZXNob3ciOiIzMTM0NTg1ZSJ9\" data-rel=\"-image-0\" data-rl_title=\"\" data-rl_caption=\"\" title=\"\">\n\t\t\t\t\t<div class=\"e-gallery-image elementor-gallery-item__image\" data-thumbnail=\"https:\/\/nakskovfjordcamping.dk\/wp-content\/uploads\/2025\/02\/dji_fly_20240730_161718_0097_1722349353132_photo-scaled.jpg\" data-width=\"2048\" data-height=\"1152\" aria-label=\"Campingplads med bed and breakfast muligheder\" role=\"img\" ><\/div>\n\t\t\t\t\t\t\t\t\t\t\t\t\t\t<\/a>\n\t\t\t\t\t\t\t<a class=\"e-gallery-item elementor-gallery-item elementor-animated-content\" href=\"https:\/\/nakskovfjordcamping.dk\/wp-content\/uploads\/2025\/02\/dji_fly_20240730_161850_0101_1722349352957_photo-scaled.jpg\" data-elementor-open-lightbox=\"yes\" data-elementor-lightbox-slideshow=\"3134585e\" data-e-action-hash=\"#elementor-action%3Aaction%3Dlightbox%26settings%3DeyJpZCI6MTEwNjEsInVybCI6Imh0dHBzOlwvXC9uYWtza292ZmpvcmRjYW1waW5nLmRrXC93cC1jb250ZW50XC91cGxvYWRzXC8yMDI1XC8wMlwvZGppX2ZseV8yMDI0MDczMF8xNjE4NTBfMDEwMV8xNzIyMzQ5MzUyOTU3X3Bob3RvLXNjYWxlZC5qcGciLCJzbGlkZXNob3ciOiIzMTM0NTg1ZSJ9\" data-rel=\"-image-1\" data-rl_title=\"\" data-rl_caption=\"\" title=\"\">\n\t\t\t\t\t<div class=\"e-gallery-image elementor-gallery-item__image\" data-thumbnail=\"https:\/\/nakskovfjordcamping.dk\/wp-content\/uploads\/2025\/02\/dji_fly_20240730_161850_0101_1722349352957_photo-scaled.jpg\" data-width=\"2048\" data-height=\"1152\" aria-label=\"Campingplads med campinghytter set fra oven\" role=\"img\" ><\/div>\n\t\t\t\t\t\t\t\t\t\t\t\t\t\t<\/a>\n\t\t\t\t\t\t\t<a class=\"e-gallery-item elementor-gallery-item elementor-animated-content\" href=\"https:\/\/nakskovfjordcamping.dk\/wp-content\/uploads\/2025\/02\/dji_fly_20240730_162026_0104_1722349333097_photo-scaled.jpg\" data-elementor-open-lightbox=\"yes\" data-elementor-lightbox-slideshow=\"3134585e\" data-e-action-hash=\"#elementor-action%3Aaction%3Dlightbox%26settings%3DeyJpZCI6MTEwNjQsInVybCI6Imh0dHBzOlwvXC9uYWtza292ZmpvcmRjYW1waW5nLmRrXC93cC1jb250ZW50XC91cGxvYWRzXC8yMDI1XC8wMlwvZGppX2ZseV8yMDI0MDczMF8xNjIwMjZfMDEwNF8xNzIyMzQ5MzMzMDk3X3Bob3RvLXNjYWxlZC5qcGciLCJzbGlkZXNob3ciOiIzMTM0NTg1ZSJ9\" data-rel=\"-image-2\" data-rl_title=\"\" data-rl_caption=\"\" title=\"\">\n\t\t\t\t\t<div class=\"e-gallery-image elementor-gallery-item__image\" data-thumbnail=\"https:\/\/nakskovfjordcamping.dk\/wp-content\/uploads\/2025\/02\/dji_fly_20240730_162026_0104_1722349333097_photo-scaled.jpg\" data-width=\"2048\" data-height=\"1152\" aria-label=\"Campinghytter ved nakskov fjord\" role=\"img\" ><\/div>\n\t\t\t\t\t\t\t\t\t\t\t\t\t\t<\/a>\n\t\t\t\t\t<\/div>\n\t\t\t<\/div>\n\t\t\t\t<\/div>\n\t\t\t\t\t<\/div>\n\t\t\t\t<\/div>\n\t\t<div class=\"elementor-element elementor-element-4ab913bb e-con-full e-flex e-con e-parent\" data-id=\"4ab913bb\" data-element_type=\"container\">\n\t\t\t\t<div class=\"elementor-element elementor-element-2711822a elementor-widget elementor-widget-shortcode\" data-id=\"2711822a\" data-element_type=\"widget\" data-widget_type=\"shortcode.default\">\n\t\t\t\t<div class=\"elementor-widget-container\">\n\t\t\t\t\t<div class=\"elementor-shortcode\">\t\t<div data-elementor-type=\"container\" data-elementor-id=\"11784\" class=\"elementor elementor-11784 elementor-9749\" data-elementor-post-type=\"elementor_library\">\n\t\t\t\t<div class=\"elementor-element elementor-element-34db1a0e light e-flex e-con-boxed e-con e-parent\" data-id=\"34db1a0e\" data-element_type=\"container\">\n\t\t\t\t\t<div class=\"e-con-inner\">\n\t\t<div class=\"elementor-element elementor-element-72d2e1d8 e-con-full e-flex e-con e-child\" data-id=\"72d2e1d8\" data-element_type=\"container\">\n\t\t\t\t<div class=\"elementor-element elementor-element-74083e18 elementor-widget elementor-widget-google_maps\" data-id=\"74083e18\" data-element_type=\"widget\" data-widget_type=\"google_maps.default\">\n\t\t\t\t<div class=\"elementor-widget-container\">\n\t\t\t\t\t<div class=\"elementor-custom-embed\">\n\t\t\t<iframe loading=\"lazy\"\n\t\t\t\t\tsrc=\"https:\/\/maps.google.com\/maps?q=nakskov%20fjord%20camping&#038;t=m&#038;z=10&#038;output=embed&#038;iwloc=near\"\n\t\t\t\t\ttitle=\"nakskov fjord camping\"\n\t\t\t\t\taria-label=\"nakskov fjord camping\"\n\t\t\t><\/iframe>\n\t\t<\/div>\n\t\t\t\t<\/div>\n\t\t\t\t<\/div>\n\t\t\t\t<\/div>\n\t\t<div class=\"elementor-element elementor-element-7a957146 e-con-full padding white e-flex e-con e-child\" data-id=\"7a957146\" data-element_type=\"container\" data-settings=\"{&quot;background_background&quot;:&quot;classic&quot;}\">\n\t\t<div class=\"elementor-element elementor-element-63c263ce e-con-full e-flex e-con e-child\" data-id=\"63c263ce\" data-element_type=\"container\">\n\t\t\t\t<div class=\"elementor-element elementor-element-24883790 elementor-widget elementor-widget-text-editor\" data-id=\"24883790\" data-element_type=\"widget\" data-widget_type=\"text-editor.default\">\n\t\t\t\t<div class=\"elementor-widget-container\">\n\t\t\t\t\t\t\t<h3 style=\"text-align: center;\" data-mce-style=\"text-align: center;\">Nakskov Fjord Camping liegt im Butterloch<\/h3>\n<p style=\"text-align: center;\" data-mce-style=\"text-align: center;\">T\u00e4uschen Sie sich nicht das Erlebnis der wundersch\u00f6nen Natur, des nahe gelegenen Fjords und der vielen Aktivit\u00e4ten, die Nakskov zu bieten hat.<\/p>\n\t\t\t\t\t\t<\/div>\n\t\t\t\t<\/div>\n\t\t\t\t<\/div>\n\t\t<div class=\"elementor-element elementor-element-2839d38 e-con-full e-flex e-con e-child\" data-id=\"2839d38\" data-element_type=\"container\">\n\t\t\t\t<div class=\"elementor-element elementor-element-064dc0b elementor-widget elementor-widget-button\" data-id=\"064dc0b\" data-element_type=\"widget\" data-widget_type=\"button.default\">\n\t\t\t\t<div class=\"elementor-widget-container\">\n\t\t\t\t\t\t\t<div class=\"elementor-button-wrapper\">\n\t\t\t\t\t<a class=\"elementor-button elementor-button-link elementor-size-sm\" href=\"https:\/\/v3.onlinebooking.dk\/V3HESTEHOV\" target=\"_blank\">\n\t\t\t\t\t\t<span class=\"elementor-button-content-wrapper\">\n\t\t\t\t\t\t\t\t\t<span class=\"elementor-button-text\">Hier Buchen<\/span>\n\t\t\t\t\t<\/span>\n\t\t\t\t\t<\/a>\n\t\t\t\t<\/div>\n\t\t\t\t\t\t<\/div>\n\t\t\t\t<\/div>\n\t\t\t\t<div class=\"elementor-element elementor-element-f14fafb elementor-widget elementor-widget-button\" data-id=\"f14fafb\" data-element_type=\"widget\" data-widget_type=\"button.default\">\n\t\t\t\t<div class=\"elementor-widget-container\">\n\t\t\t\t\t\t\t<div class=\"elementor-button-wrapper\">\n\t\t\t\t\t<a class=\"elementor-button elementor-button-link elementor-size-sm\" href=\"\/wp-content\/uploads\/2024\/08\/Brochure-08-2023-part-2.pdf\" target=\"_blank\">\n\t\t\t\t\t\t<span class=\"elementor-button-content-wrapper\">\n\t\t\t\t\t\t\t\t\t<span class=\"elementor-button-text\">Tischkarte<\/span>\n\t\t\t\t\t<\/span>\n\t\t\t\t\t<\/a>\n\t\t\t\t<\/div>\n\t\t\t\t\t\t<\/div>\n\t\t\t\t<\/div>\n\t\t\t\t<div class=\"elementor-element elementor-element-d7eb804 elementor-widget elementor-widget-button\" data-id=\"d7eb804\" data-element_type=\"widget\" data-widget_type=\"button.default\">\n\t\t\t\t<div class=\"elementor-widget-container\">\n\t\t\t\t\t\t\t<div class=\"elementor-button-wrapper\">\n\t\t\t\t\t<a class=\"elementor-button elementor-button-link elementor-size-sm\" href=\"https:\/\/nakskovfjordcamping.dk\/de\/kontakt-uns\/\">\n\t\t\t\t\t\t<span class=\"elementor-button-content-wrapper\">\n\t\t\t\t\t\t\t\t\t<span class=\"elementor-button-text\">Kontaktieren<\/span>\n\t\t\t\t\t<\/span>\n\t\t\t\t\t<\/a>\n\t\t\t\t<\/div>\n\t\t\t\t\t\t<\/div>\n\t\t\t\t<\/div>\n\t\t\t\t<\/div>\n\t\t\t\t<\/div>\n\t\t\t\t\t<\/div>\n\t\t\t\t<\/div>\n\t\t\t\t<\/div>\n\t\t<\/div>\n\t\t\t\t<\/div>\n\t\t\t\t<\/div>\n\t\t\t\t<\/div>\n\t\t\t\t<\/div>\n\t\t","protected":false},"excerpt":{"rendered":"<p>Ruhiger Platz f\u00fcr Wohnmobile Wir k\u00f6nnen mit verschiedenen sicheren Bedingungen f\u00fcr Wohnmobile innerhalb der Schranke bieten Einrichtungen, mit der M\u00f6glichkeit einer versp\u00e4teten An- und Abreise. Eine versp\u00e4tete Anreise ist mit der Rezeption abzusprechen, die Abreise sp\u00e4testens 12.00 Uhr. Ruhiger Ort, direkt am Yachthafen, sch\u00f6ner Sandstrand, Restaurant und fu\u00dfl\u00e4ufig zum Stadtzentrum von Nakskov. Viel Natur und &#8230; <a title=\"F\u00fcr Wohnmobile\" class=\"read-more\" href=\"https:\/\/nakskovfjordcamping.dk\/de\/fuer-wohnmobile\/\" aria-label=\"Mehr Informationen \u00fcber F\u00fcr Wohnmobile\">Weiterlesen &#8230;<\/a><\/p>\n","protected":false},"author":1,"featured_media":10464,"parent":0,"menu_order":3,"comment_status":"closed","ping_status":"open","template":"","meta":{"_acf_changed":false,"footnotes":""},"categories":[83],"class_list":{"0":"post-11554","1":"page","2":"type-page","3":"status-publish","4":"has-post-thumbnail","6":"category-ydelser-de"},"acf":[],"yoast_head":"<!-- This site is optimized with the Yoast SEO plugin v26.8 - https:\/\/yoast.com\/product\/yoast-seo-wordpress\/ -->\n<title>F\u00fcr Wohnmobile | Nakskov Fjord Camping ApS<\/title>\n<meta name=\"robots\" content=\"index, follow, max-snippet:-1, max-image-preview:large, max-video-preview:-1\" \/>\n<link rel=\"canonical\" href=\"https:\/\/nakskovfjordcamping.dk\/for-autocampere\/\" \/>\n<meta property=\"og:locale\" content=\"de_DE\" \/>\n<meta property=\"og:type\" content=\"article\" \/>\n<meta property=\"og:title\" content=\"F\u00fcr Wohnmobile | Nakskov Fjord Camping ApS\" \/>\n<meta property=\"og:description\" content=\"Ruhiger Platz f\u00fcr Wohnmobile Wir k\u00f6nnen mit verschiedenen sicheren Bedingungen f\u00fcr Wohnmobile innerhalb der Schranke bieten Einrichtungen, mit der M\u00f6glichkeit einer versp\u00e4teten An- und Abreise. Eine versp\u00e4tete Anreise ist mit der Rezeption abzusprechen, die Abreise sp\u00e4testens 12.00 Uhr. Ruhiger Ort, direkt am Yachthafen, sch\u00f6ner Sandstrand, Restaurant und fu\u00dfl\u00e4ufig zum Stadtzentrum von Nakskov. Viel Natur und ... Weiterlesen ...\" \/>\n<meta property=\"og:url\" content=\"https:\/\/nakskovfjordcamping.dk\/for-autocampere\/\" \/>\n<meta property=\"og:site_name\" content=\"Nakskov Fjord Camping ApS\" \/>\n<meta property=\"article:modified_time\" content=\"2025-02-21T10:04:28+00:00\" \/>\n<meta property=\"og:image\" content=\"https:\/\/nakskovfjordcamping.dk\/wp-content\/uploads\/2025\/01\/p1010107.jpg\" \/>\n\t<meta property=\"og:image:width\" content=\"1920\" \/>\n\t<meta property=\"og:image:height\" content=\"480\" \/>\n\t<meta property=\"og:image:type\" content=\"image\/jpeg\" \/>\n<meta name=\"twitter:card\" content=\"summary_large_image\" \/>\n<script type=\"application\/ld+json\" class=\"yoast-schema-graph\">{\"@context\":\"https:\/\/schema.org\",\"@graph\":[{\"@type\":\"WebPage\",\"@id\":\"https:\/\/nakskovfjordcamping.dk\/for-autocampere\/\",\"url\":\"https:\/\/nakskovfjordcamping.dk\/for-autocampere\/\",\"name\":\"F\u00fcr Wohnmobile | Nakskov Fjord Camping ApS\",\"isPartOf\":{\"@id\":\"https:\/\/ny.wktemplate.dk\/#website\"},\"primaryImageOfPage\":{\"@id\":\"https:\/\/nakskovfjordcamping.dk\/for-autocampere\/#primaryimage\"},\"image\":{\"@id\":\"https:\/\/nakskovfjordcamping.dk\/for-autocampere\/#primaryimage\"},\"thumbnailUrl\":\"https:\/\/nakskovfjordcamping.dk\/wp-content\/uploads\/2025\/01\/p1010107.jpg\",\"datePublished\":\"2021-09-23T04:19:38+00:00\",\"dateModified\":\"2025-02-21T10:04:28+00:00\",\"breadcrumb\":{\"@id\":\"https:\/\/nakskovfjordcamping.dk\/for-autocampere\/#breadcrumb\"},\"inLanguage\":\"de\",\"potentialAction\":[{\"@type\":\"ReadAction\",\"target\":[\"https:\/\/nakskovfjordcamping.dk\/for-autocampere\/\"]}]},{\"@type\":\"ImageObject\",\"inLanguage\":\"de\",\"@id\":\"https:\/\/nakskovfjordcamping.dk\/for-autocampere\/#primaryimage\",\"url\":\"https:\/\/nakskovfjordcamping.dk\/wp-content\/uploads\/2025\/01\/p1010107.jpg\",\"contentUrl\":\"https:\/\/nakskovfjordcamping.dk\/wp-content\/uploads\/2025\/01\/p1010107.jpg\",\"width\":1920,\"height\":480},{\"@type\":\"BreadcrumbList\",\"@id\":\"https:\/\/nakskovfjordcamping.dk\/for-autocampere\/#breadcrumb\",\"itemListElement\":[{\"@type\":\"ListItem\",\"position\":1,\"name\":\"Forside\",\"item\":\"https:\/\/nakskovfjordcamping.dk\/\"},{\"@type\":\"ListItem\",\"position\":2,\"name\":\"F\u00fcr Wohnmobile\"}]},{\"@type\":\"WebSite\",\"@id\":\"https:\/\/ny.wktemplate.dk\/#website\",\"url\":\"https:\/\/ny.wktemplate.dk\/\",\"name\":\"Nakskov Fjord Camping ApS\",\"description\":\"Camping p\u00e5 Lolland: Campingplads i Nakskov med dejlige campinghytter\",\"publisher\":{\"@id\":\"https:\/\/ny.wktemplate.dk\/#organization\"},\"potentialAction\":[{\"@type\":\"SearchAction\",\"target\":{\"@type\":\"EntryPoint\",\"urlTemplate\":\"https:\/\/ny.wktemplate.dk\/?s={search_term_string}\"},\"query-input\":{\"@type\":\"PropertyValueSpecification\",\"valueRequired\":true,\"valueName\":\"search_term_string\"}}],\"inLanguage\":\"de\"},{\"@type\":\"Organization\",\"@id\":\"https:\/\/ny.wktemplate.dk\/#organization\",\"name\":\"Nakskov Fjord Camping ApS\",\"url\":\"https:\/\/ny.wktemplate.dk\/\",\"logo\":{\"@type\":\"ImageObject\",\"inLanguage\":\"de\",\"@id\":\"https:\/\/ny.wktemplate.dk\/#\/schema\/logo\/image\/\",\"url\":\"https:\/\/nakskovfjordcamping.dk\/wp-content\/uploads\/2021\/09\/logo.png\",\"contentUrl\":\"https:\/\/nakskovfjordcamping.dk\/wp-content\/uploads\/2021\/09\/logo.png\",\"width\":309,\"height\":76,\"caption\":\"Nakskov Fjord Camping ApS\"},\"image\":{\"@id\":\"https:\/\/ny.wktemplate.dk\/#\/schema\/logo\/image\/\"}}]}<\/script>\n<!-- \/ Yoast SEO plugin. -->","yoast_head_json":{"title":"F\u00fcr Wohnmobile | Nakskov Fjord Camping ApS","robots":{"index":"index","follow":"follow","max-snippet":"max-snippet:-1","max-image-preview":"max-image-preview:large","max-video-preview":"max-video-preview:-1"},"canonical":"https:\/\/nakskovfjordcamping.dk\/for-autocampere\/","og_locale":"de_DE","og_type":"article","og_title":"F\u00fcr Wohnmobile | Nakskov Fjord Camping ApS","og_description":"Ruhiger Platz f\u00fcr Wohnmobile Wir k\u00f6nnen mit verschiedenen sicheren Bedingungen f\u00fcr Wohnmobile innerhalb der Schranke bieten Einrichtungen, mit der M\u00f6glichkeit einer versp\u00e4teten An- und Abreise. Eine versp\u00e4tete Anreise ist mit der Rezeption abzusprechen, die Abreise sp\u00e4testens 12.00 Uhr. Ruhiger Ort, direkt am Yachthafen, sch\u00f6ner Sandstrand, Restaurant und fu\u00dfl\u00e4ufig zum Stadtzentrum von Nakskov. Viel Natur und ... Weiterlesen ...","og_url":"https:\/\/nakskovfjordcamping.dk\/for-autocampere\/","og_site_name":"Nakskov Fjord Camping ApS","article_modified_time":"2025-02-21T10:04:28+00:00","og_image":[{"width":1920,"height":480,"url":"https:\/\/nakskovfjordcamping.dk\/wp-content\/uploads\/2025\/01\/p1010107.jpg","type":"image\/jpeg"}],"twitter_card":"summary_large_image","schema":{"@context":"https:\/\/schema.org","@graph":[{"@type":"WebPage","@id":"https:\/\/nakskovfjordcamping.dk\/for-autocampere\/","url":"https:\/\/nakskovfjordcamping.dk\/for-autocampere\/","name":"F\u00fcr Wohnmobile | Nakskov Fjord Camping ApS","isPartOf":{"@id":"https:\/\/ny.wktemplate.dk\/#website"},"primaryImageOfPage":{"@id":"https:\/\/nakskovfjordcamping.dk\/for-autocampere\/#primaryimage"},"image":{"@id":"https:\/\/nakskovfjordcamping.dk\/for-autocampere\/#primaryimage"},"thumbnailUrl":"https:\/\/nakskovfjordcamping.dk\/wp-content\/uploads\/2025\/01\/p1010107.jpg","datePublished":"2021-09-23T04:19:38+00:00","dateModified":"2025-02-21T10:04:28+00:00","breadcrumb":{"@id":"https:\/\/nakskovfjordcamping.dk\/for-autocampere\/#breadcrumb"},"inLanguage":"de","potentialAction":[{"@type":"ReadAction","target":["https:\/\/nakskovfjordcamping.dk\/for-autocampere\/"]}]},{"@type":"ImageObject","inLanguage":"de","@id":"https:\/\/nakskovfjordcamping.dk\/for-autocampere\/#primaryimage","url":"https:\/\/nakskovfjordcamping.dk\/wp-content\/uploads\/2025\/01\/p1010107.jpg","contentUrl":"https:\/\/nakskovfjordcamping.dk\/wp-content\/uploads\/2025\/01\/p1010107.jpg","width":1920,"height":480},{"@type":"BreadcrumbList","@id":"https:\/\/nakskovfjordcamping.dk\/for-autocampere\/#breadcrumb","itemListElement":[{"@type":"ListItem","position":1,"name":"Forside","item":"https:\/\/nakskovfjordcamping.dk\/"},{"@type":"ListItem","position":2,"name":"F\u00fcr Wohnmobile"}]},{"@type":"WebSite","@id":"https:\/\/ny.wktemplate.dk\/#website","url":"https:\/\/ny.wktemplate.dk\/","name":"Nakskov Fjord Camping ApS","description":"Camping p\u00e5 Lolland: Campingplads i Nakskov med dejlige campinghytter","publisher":{"@id":"https:\/\/ny.wktemplate.dk\/#organization"},"potentialAction":[{"@type":"SearchAction","target":{"@type":"EntryPoint","urlTemplate":"https:\/\/ny.wktemplate.dk\/?s={search_term_string}"},"query-input":{"@type":"PropertyValueSpecification","valueRequired":true,"valueName":"search_term_string"}}],"inLanguage":"de"},{"@type":"Organization","@id":"https:\/\/ny.wktemplate.dk\/#organization","name":"Nakskov Fjord Camping ApS","url":"https:\/\/ny.wktemplate.dk\/","logo":{"@type":"ImageObject","inLanguage":"de","@id":"https:\/\/ny.wktemplate.dk\/#\/schema\/logo\/image\/","url":"https:\/\/nakskovfjordcamping.dk\/wp-content\/uploads\/2021\/09\/logo.png","contentUrl":"https:\/\/nakskovfjordcamping.dk\/wp-content\/uploads\/2021\/09\/logo.png","width":309,"height":76,"caption":"Nakskov Fjord Camping ApS"},"image":{"@id":"https:\/\/ny.wktemplate.dk\/#\/schema\/logo\/image\/"}}]}},"_links":{"self":[{"href":"https:\/\/nakskovfjordcamping.dk\/de\/wp-json\/wp\/v2\/pages\/11554","targetHints":{"allow":["GET"]}}],"collection":[{"href":"https:\/\/nakskovfjordcamping.dk\/de\/wp-json\/wp\/v2\/pages"}],"about":[{"href":"https:\/\/nakskovfjordcamping.dk\/de\/wp-json\/wp\/v2\/types\/page"}],"author":[{"embeddable":true,"href":"https:\/\/nakskovfjordcamping.dk\/de\/wp-json\/wp\/v2\/users\/1"}],"replies":[{"embeddable":true,"href":"https:\/\/nakskovfjordcamping.dk\/de\/wp-json\/wp\/v2\/comments?post=11554"}],"version-history":[{"count":1,"href":"https:\/\/nakskovfjordcamping.dk\/de\/wp-json\/wp\/v2\/pages\/11554\/revisions"}],"predecessor-version":[{"id":11555,"href":"https:\/\/nakskovfjordcamping.dk\/de\/wp-json\/wp\/v2\/pages\/11554\/revisions\/11555"}],"wp:featuredmedia":[{"embeddable":true,"href":"https:\/\/nakskovfjordcamping.dk\/de\/wp-json\/wp\/v2\/media\/10464"}],"wp:attachment":[{"href":"https:\/\/nakskovfjordcamping.dk\/de\/wp-json\/wp\/v2\/media?parent=11554"}],"wp:term":[{"taxonomy":"category","embeddable":true,"href":"https:\/\/nakskovfjordcamping.dk\/de\/wp-json\/wp\/v2\/categories?post=11554"}],"curies":[{"name":"wp","href":"https:\/\/api.w.org\/{rel}","templated":true}]}}